{"id":3206,"date":"2022-01-26T20:48:29","date_gmt":"2022-01-26T19:48:29","guid":{"rendered":"https:\/\/www.moroccolifetours.com\/alba-e-tramonto-nel-deserto-del-sahara\/"},"modified":"2024-11-14T14:19:07","modified_gmt":"2024-11-14T13:19:07","slug":"alba-e-tramonto-nel-deserto-del-sahara","status":"publish","type":"page","link":"https:\/\/www.moroccolifetours.com\/it\/alba-e-tramonto-nel-deserto-del-sahara\/","title":{"rendered":"Alba e tramonto nel deserto del Sahara"},"content":{"rendered":"\t\t<div data-elementor-type=\"wp-page\" data-elementor-id=\"3206\" class=\"elementor elementor-3206 elementor-1932\" data-elementor-post-type=\"page\">\n\t\t\t\t\t\t<section class=\"elementor-section elementor-top-section elementor-element elementor-element-1ca39c52 elementor-section-boxed elementor-section-height-default elementor-section-height-default\" data-id=\"1ca39c52\" data-element_type=\"section\" data-e-type=\"section\">\n\t\t\t\t\t\t<div class=\"elementor-container elementor-column-gap-default\">\n\t\t\t\t\t<div class=\"elementor-column elementor-col-100 elementor-top-column elementor-element elementor-element-735c963b\" data-id=\"735c963b\" data-element_type=\"column\" data-e-type=\"column\">\n\t\t\t<div class=\"elementor-widget-wrap elementor-element-populated\">\n\t\t\t\t\t\t<div class=\"elementor-element elementor-element-6f824429 elementor-widget elementor-widget-heading\" data-id=\"6f824429\" data-element_type=\"widget\" data-e-type=\"widget\" data-widget_type=\"heading.default\">\n\t\t\t\t<div class=\"elementor-widget-container\">\n\t\t\t\t\t<h1 class=\"elementor-heading-title elementor-size-default\">Alba e tramonto nel deserto del Sahara <\/h1>\t\t\t\t<\/div>\n\t\t\t\t<\/div>\n\t\t\t\t\t<\/div>\n\t\t<\/div>\n\t\t\t\t\t<\/div>\n\t\t<\/section>\n\t\t\t\t<section class=\"elementor-section elementor-top-section elementor-element elementor-element-21ae0068 elementor-section-boxed elementor-section-height-default elementor-section-height-default\" data-id=\"21ae0068\" data-element_type=\"section\" data-e-type=\"section\" data-settings=\"{&quot;background_background&quot;:&quot;classic&quot;}\">\n\t\t\t\t\t\t<div class=\"elementor-container elementor-column-gap-default\">\n\t\t\t\t\t<div class=\"elementor-column elementor-col-100 elementor-top-column elementor-element elementor-element-247f9cfa\" data-id=\"247f9cfa\" data-element_type=\"column\" data-e-type=\"column\" data-settings=\"{&quot;background_background&quot;:&quot;classic&quot;}\">\n\t\t\t<div class=\"elementor-widget-wrap elementor-element-populated\">\n\t\t\t\t\t\t<div class=\"elementor-element elementor-element-7f63dba7 elementor-widget elementor-widget-image\" data-id=\"7f63dba7\" data-element_type=\"widget\" data-e-type=\"widget\" data-widget_type=\"image.default\">\n\t\t\t\t<div class=\"elementor-widget-container\">\n\t\t\t\t\t\t\t\t\t\t\t\t\t\t\t<img decoding=\"async\" src=\"https:\/\/www.moroccolifetours.com\/wp-content\/uploads\/2022\/02\/erg-chebbi-bg.jpg\" title=\"erg-chebbi\" alt=\"erg chebbi dunes\" loading=\"lazy\" \/>\t\t\t\t\t\t\t\t\t\t\t\t\t\t\t<\/div>\n\t\t\t\t<\/div>\n\t\t\t\t\t<\/div>\n\t\t<\/div>\n\t\t\t\t\t<\/div>\n\t\t<\/section>\n\t\t\t\t<section class=\"elementor-section elementor-top-section elementor-element elementor-element-c26381e elementor-section-boxed elementor-section-height-default elementor-section-height-default\" data-id=\"c26381e\" data-element_type=\"section\" data-e-type=\"section\">\n\t\t\t\t\t\t<div class=\"elementor-container elementor-column-gap-default\">\n\t\t\t\t\t<div class=\"elementor-column elementor-col-100 elementor-top-column elementor-element elementor-element-2f5c83c\" data-id=\"2f5c83c\" data-element_type=\"column\" data-e-type=\"column\">\n\t\t\t<div class=\"elementor-widget-wrap elementor-element-populated\">\n\t\t\t\t\t\t<div class=\"elementor-element elementor-element-b27cecb elementor-widget elementor-widget-spacer\" data-id=\"b27cecb\" data-element_type=\"widget\" data-e-type=\"widget\" data-widget_type=\"spacer.default\">\n\t\t\t\t<div class=\"elementor-widget-container\">\n\t\t\t\t\t\t\t<div class=\"elementor-spacer\">\n\t\t\t<div class=\"elementor-spacer-inner\"><\/div>\n\t\t<\/div>\n\t\t\t\t\t\t<\/div>\n\t\t\t\t<\/div>\n\t\t\t\t<div class=\"elementor-element elementor-element-6468483 elementor-widget elementor-widget-heading\" data-id=\"6468483\" data-element_type=\"widget\" data-e-type=\"widget\" data-widget_type=\"heading.default\">\n\t\t\t\t<div class=\"elementor-widget-container\">\n\t\t\t\t\t<h2 class=\"elementor-heading-title elementor-size-default\">Giorno 1<\/h2>\t\t\t\t<\/div>\n\t\t\t\t<\/div>\n\t\t\t\t<div class=\"elementor-element elementor-element-52727df elementor-widget elementor-widget-text-editor\" data-id=\"52727df\" data-element_type=\"widget\" data-e-type=\"widget\" data-widget_type=\"text-editor.default\">\n\t\t\t\t<div class=\"elementor-widget-container\">\n\t\t\t\t\t\t\t\t\t<p>Il trekking in cammello inizia prima del tramonto, viaggerete con un team in una carovana dall&#8217;hotel nella citt\u00e0 di Merzouga. La carovana deve portare cibo, coperte e tutto il necessario per il viaggio. Avrai l&#8217;opportunit\u00e0 di vedere il tramonto nel deserto del Sahara, uno dei pi\u00f9 belli che si possa immaginare.<\/p>\n<p>Un&#8217;altra vista fantastica \u00e8 il cielo notturno del deserto con la Via Lattea che brilla come in nessun altro posto nel cielo. Probabilmente vorrete meditare mentre osservate questa bellezza.<\/p>\n<p>Cerca di risparmiare la batteria in modo da poter scattare pi\u00f9 foto prima dell&#8217;alba; non vuoi perdertela.<\/p>\n<p>L&#8217;alba e il tramonto nel deserto del Sahara a Merzouga sono paesaggi che, con la loro magica bellezza, abbagliano l&#8217;anima e rendono umile lo spirito.<\/p>\n\t\t\t\t\t\t\t\t<\/div>\n\t\t\t\t<\/div>\n\t\t\t\t\t<\/div>\n\t\t<\/div>\n\t\t\t\t\t<\/div>\n\t\t<\/section>\n\t\t\t\t<section class=\"elementor-section elementor-top-section elementor-element elementor-element-2c8862c3 elementor-section-boxed elementor-section-height-default elementor-section-height-default\" data-id=\"2c8862c3\" data-element_type=\"section\" data-e-type=\"section\" data-settings=\"{&quot;background_background&quot;:&quot;classic&quot;}\">\n\t\t\t\t\t\t<div class=\"elementor-container elementor-column-gap-default\">\n\t\t\t\t\t<div class=\"elementor-column elementor-col-50 elementor-top-column elementor-element elementor-element-5ebd035b\" data-id=\"5ebd035b\" data-element_type=\"column\" data-e-type=\"column\">\n\t\t\t<div class=\"elementor-widget-wrap elementor-element-populated\">\n\t\t\t\t\t\t<div class=\"elementor-element elementor-element-4bb654fb elementor-widget elementor-widget-image\" data-id=\"4bb654fb\" data-element_type=\"widget\" data-e-type=\"widget\" data-widget_type=\"image.default\">\n\t\t\t\t<div class=\"elementor-widget-container\">\n\t\t\t\t\t\t\t\t\t\t\t\t\t\t\t<img fetchpriority=\"high\" decoding=\"async\" width=\"800\" height=\"600\" src=\"https:\/\/www.moroccolifetours.com\/wp-content\/uploads\/2022\/03\/mrzoga3-1.jpg\" class=\"attachment-large size-large wp-image-3144\" alt=\"\" srcset=\"https:\/\/www.moroccolifetours.com\/wp-content\/uploads\/2022\/03\/mrzoga3-1.jpg 800w, https:\/\/www.moroccolifetours.com\/wp-content\/uploads\/2022\/03\/mrzoga3-1-300x225.jpg 300w, https:\/\/www.moroccolifetours.com\/wp-content\/uploads\/2022\/03\/mrzoga3-1-768x576.jpg 768w\" sizes=\"(max-width: 800px) 100vw, 800px\" \/>\t\t\t\t\t\t\t\t\t\t\t\t\t\t\t<\/div>\n\t\t\t\t<\/div>\n\t\t\t\t\t<\/div>\n\t\t<\/div>\n\t\t\t\t<div class=\"elementor-column elementor-col-50 elementor-top-column elementor-element elementor-element-5a580e6b\" data-id=\"5a580e6b\" data-element_type=\"column\" data-e-type=\"column\">\n\t\t\t<div class=\"elementor-widget-wrap elementor-element-populated\">\n\t\t\t\t\t\t<div class=\"elementor-element elementor-element-3b8af886 elementor-widget elementor-widget-image\" data-id=\"3b8af886\" data-element_type=\"widget\" data-e-type=\"widget\" data-widget_type=\"image.default\">\n\t\t\t\t<div class=\"elementor-widget-container\">\n\t\t\t\t\t\t\t\t\t\t\t\t\t\t\t<img decoding=\"async\" width=\"800\" height=\"600\" src=\"https:\/\/www.moroccolifetours.com\/wp-content\/uploads\/2022\/03\/SAHARA-DESERT.jpg\" class=\"attachment-2048x2048 size-2048x2048 wp-image-3135\" alt=\"camel trekking tour and Sunrise at the sahara desert\" srcset=\"https:\/\/www.moroccolifetours.com\/wp-content\/uploads\/2022\/03\/SAHARA-DESERT.jpg 800w, https:\/\/www.moroccolifetours.com\/wp-content\/uploads\/2022\/03\/SAHARA-DESERT-300x225.jpg 300w, https:\/\/www.moroccolifetours.com\/wp-content\/uploads\/2022\/03\/SAHARA-DESERT-768x576.jpg 768w\" sizes=\"(max-width: 800px) 100vw, 800px\" \/>\t\t\t\t\t\t\t\t\t\t\t\t\t\t\t<\/div>\n\t\t\t\t<\/div>\n\t\t\t\t\t<\/div>\n\t\t<\/div>\n\t\t\t\t\t<\/div>\n\t\t<\/section>\n\t\t\t\t<\/div>\n\t\t","protected":false},"excerpt":{"rendered":"<p>Alba e tramonto nel deserto del Sahara Giorno 1 Il trekking in cammello inizia prima del tramonto, viaggerete con un team in una carovana dall&#8217;hotel nella citt\u00e0 di Merzouga. La carovana deve portare cibo, coperte e tutto il necessario per il viaggio. Avrai l&#8217;opportunit\u00e0 di vedere il tramonto nel deserto del Sahara, uno dei pi\u00f9 [&hellip;]<\/p>\n","protected":false},"author":1,"featured_media":3207,"parent":0,"menu_order":0,"comment_status":"closed","ping_status":"closed","template":"","meta":{"_monsterinsights_skip_tracking":false,"_monsterinsights_sitenote_active":false,"_monsterinsights_sitenote_note":"","_monsterinsights_sitenote_category":0,"_joinchat":[],"footnotes":""},"class_list":["post-3206","page","type-page","status-publish","has-post-thumbnail","hentry"],"_links":{"self":[{"href":"https:\/\/www.moroccolifetours.com\/it\/wp-json\/wp\/v2\/pages\/3206","targetHints":{"allow":["GET"]}}],"collection":[{"href":"https:\/\/www.moroccolifetours.com\/it\/wp-json\/wp\/v2\/pages"}],"about":[{"href":"https:\/\/www.moroccolifetours.com\/it\/wp-json\/wp\/v2\/types\/page"}],"author":[{"embeddable":true,"href":"https:\/\/www.moroccolifetours.com\/it\/wp-json\/wp\/v2\/users\/1"}],"replies":[{"embeddable":true,"href":"https:\/\/www.moroccolifetours.com\/it\/wp-json\/wp\/v2\/comments?post=3206"}],"version-history":[{"count":0,"href":"https:\/\/www.moroccolifetours.com\/it\/wp-json\/wp\/v2\/pages\/3206\/revisions"}],"wp:featuredmedia":[{"embeddable":true,"href":"https:\/\/www.moroccolifetours.com\/it\/wp-json\/wp\/v2\/media\/3207"}],"wp:attachment":[{"href":"https:\/\/www.moroccolifetours.com\/it\/wp-json\/wp\/v2\/media?parent=3206"}],"curies":[{"name":"wp","href":"https:\/\/api.w.org\/{rel}","templated":true}]}}