{"id":3204,"date":"2022-04-11T15:40:38","date_gmt":"2022-04-11T15:40:38","guid":{"rendered":"https:\/\/www.moroccolifetours.com\/richiesta-di-viaggio-per-il-vostro-viaggio-in-marocco-tour-della-citta-e-del-deserto\/"},"modified":"2024-11-15T10:26:47","modified_gmt":"2024-11-15T09:26:47","slug":"richiesta-di-viaggio-per-il-vostro-viaggio-in-marocco-tour-della-citta-e-del-deserto","status":"publish","type":"page","link":"https:\/\/www.moroccolifetours.com\/it\/richiesta-di-viaggio-per-il-vostro-viaggio-in-marocco-tour-della-citta-e-del-deserto\/","title":{"rendered":"Richiesta di viaggio per il vostro viaggio in Marocco (tour della citt\u00e0 e del deserto)"},"content":{"rendered":"\t\t<div data-elementor-type=\"wp-page\" data-elementor-id=\"3204\" class=\"elementor elementor-3204 elementor-1217\" data-elementor-post-type=\"page\">\n\t\t\t\t\t\t<section class=\"elementor-section elementor-top-section elementor-element elementor-element-e448612 elementor-section-boxed elementor-section-height-default elementor-section-height-default\" data-id=\"e448612\" data-element_type=\"section\" data-e-type=\"section\">\n\t\t\t\t\t\t<div class=\"elementor-container elementor-column-gap-default\">\n\t\t\t\t\t<div class=\"elementor-column elementor-col-100 elementor-top-column elementor-element elementor-element-1cc0de8\" data-id=\"1cc0de8\" data-element_type=\"column\" data-e-type=\"column\">\n\t\t\t<div class=\"elementor-widget-wrap elementor-element-populated\">\n\t\t\t\t\t\t<div class=\"elementor-element elementor-element-b6d7489 elementor-widget elementor-widget-heading\" data-id=\"b6d7489\" data-element_type=\"widget\" data-e-type=\"widget\" data-widget_type=\"heading.default\">\n\t\t\t\t<div class=\"elementor-widget-container\">\n\t\t\t\t\t<h1 class=\"elementor-heading-title elementor-size-default\">Richiesta di viaggio per il tuo tour del Marocco<\/h1>\t\t\t\t<\/div>\n\t\t\t\t<\/div>\n\t\t\t\t<section class=\"elementor-section elementor-inner-section elementor-element elementor-element-9ee90b0 elementor-section-boxed elementor-section-height-default elementor-section-height-default\" data-id=\"9ee90b0\" data-element_type=\"section\" data-e-type=\"section\">\n\t\t\t\t\t\t<div class=\"elementor-container elementor-column-gap-default\">\n\t\t\t\t\t<div class=\"elementor-column elementor-col-50 elementor-inner-column elementor-element elementor-element-78b5b6b\" data-id=\"78b5b6b\" data-element_type=\"column\" data-e-type=\"column\">\n\t\t\t<div class=\"elementor-widget-wrap elementor-element-populated\">\n\t\t\t\t\t\t<div class=\"elementor-element elementor-element-a342c33 elementor-widget elementor-widget-text-editor\" data-id=\"a342c33\" data-element_type=\"widget\" data-e-type=\"widget\" data-widget_type=\"text-editor.default\">\n\t\t\t\t<div class=\"elementor-widget-container\">\n\t\t\t\t\t\t\t\t\tRichiesta di viaggio per il tuo tour individuale in citt\u00e0 e nel deserto del Marocco, dicci cosa ti piacerebbe vedere in Marocco, pianifichiamo il tuo viaggio personalizzato.\r\n\r\nSi prega di utilizzare il nostro modulo, abbiamo gi\u00e0 inserito alcune attrazioni interessanti in Marocco.\r\nInserisci le tue richieste e domande nel campo &#8220;Messaggio&#8221;.\r\n\r\nQuesta richiesta non \u00e8 vincolante.\r\nPer poter pianificare il tuo viaggio, abbiamo bisogno delle informazioni.\r\n\r\nTi invieremo una proposta per il tuo viaggio in Marocco personalizzato al pi\u00f9 presto.\t\t\t\t\t\t\t\t<\/div>\n\t\t\t\t<\/div>\n\t\t\t\t\t<\/div>\n\t\t<\/div>\n\t\t\t\t<div class=\"elementor-column elementor-col-50 elementor-inner-column elementor-element elementor-element-9410f2e\" data-id=\"9410f2e\" data-element_type=\"column\" data-e-type=\"column\">\n\t\t\t<div class=\"elementor-widget-wrap elementor-element-populated\">\n\t\t\t\t\t\t<div class=\"elementor-element elementor-element-96caadd elementor-widget elementor-widget-image\" data-id=\"96caadd\" data-element_type=\"widget\" data-e-type=\"widget\" data-widget_type=\"image.default\">\n\t\t\t\t<div class=\"elementor-widget-container\">\n\t\t\t\t\t\t\t\t\t\t\t\t\t\t\t<img fetchpriority=\"high\" decoding=\"async\" width=\"800\" height=\"533\" src=\"https:\/\/www.moroccolifetours.com\/wp-content\/uploads\/2022\/05\/morocco-desert-tour-sunrise-moroccolifetours-2022-8229.jpg\" class=\"attachment-large size-large wp-image-3197\" alt=\"\" srcset=\"https:\/\/www.moroccolifetours.com\/wp-content\/uploads\/2022\/05\/morocco-desert-tour-sunrise-moroccolifetours-2022-8229.jpg 900w, https:\/\/www.moroccolifetours.com\/wp-content\/uploads\/2022\/05\/morocco-desert-tour-sunrise-moroccolifetours-2022-8229-300x200.jpg 300w, https:\/\/www.moroccolifetours.com\/wp-content\/uploads\/2022\/05\/morocco-desert-tour-sunrise-moroccolifetours-2022-8229-768x512.jpg 768w\" sizes=\"(max-width: 800px) 100vw, 800px\" \/>\t\t\t\t\t\t\t\t\t\t\t\t\t\t\t<\/div>\n\t\t\t\t<\/div>\n\t\t\t\t\t<\/div>\n\t\t<\/div>\n\t\t\t\t\t<\/div>\n\t\t<\/section>\n\t\t\t\t\t<\/div>\n\t\t<\/div>\n\t\t\t\t\t<\/div>\n\t\t<\/section>\n\t\t\t\t<section class=\"elementor-section elementor-top-section elementor-element elementor-element-bf422b9 elementor-section-boxed elementor-section-height-default elementor-section-height-default\" data-id=\"bf422b9\" data-element_type=\"section\" data-e-type=\"section\">\n\t\t\t\t\t\t<div class=\"elementor-container elementor-column-gap-default\">\n\t\t\t\t\t<div class=\"elementor-column elementor-col-100 elementor-top-column elementor-element elementor-element-3cf32d6\" data-id=\"3cf32d6\" data-element_type=\"column\" data-e-type=\"column\">\n\t\t\t<div class=\"elementor-widget-wrap elementor-element-populated\">\n\t\t\t\t\t\t<div class=\"elementor-element elementor-element-f7ac9ce elementor-button-align-stretch elementor-widget elementor-widget-form\" data-id=\"f7ac9ce\" data-element_type=\"widget\" data-e-type=\"widget\" data-settings=\"{&quot;step_next_label&quot;:&quot;Prossimo&quot;,&quot;step_previous_label&quot;:&quot;Vorherig&quot;,&quot;button_width&quot;:&quot;30&quot;,&quot;step_type&quot;:&quot;number_text&quot;,&quot;step_icon_shape&quot;:&quot;circle&quot;}\" data-widget_type=\"form.default\">\n\t\t\t\t<div class=\"elementor-widget-container\">\n\t\t\t\t\t\t\t<form class=\"elementor-form\" method=\"post\" id=\"travelrequest\" name=\"Richiesta di viaggio\" aria-label=\"Richiesta di viaggio\">\n\t\t\t<input type=\"hidden\" name=\"post_id\" value=\"3204\"\/>\n\t\t\t<input type=\"hidden\" name=\"form_id\" value=\"f7ac9ce\"\/>\n\t\t\t<input type=\"hidden\" name=\"referer_title\" value=\"Richiesta di viaggio per il vostro viaggio in Marocco (tour della citt\u00e0 e del deserto)\" \/>\n\n\t\t\t\t\t\t\t<input type=\"hidden\" name=\"queried_id\" value=\"3204\"\/>\n\t\t\t\n\t\t\t<div class=\"elementor-form-fields-wrapper elementor-labels-above\">\n\t\t\t\t\t\t\t\t<div class=\"elementor-field-type-text elementor-field-group elementor-column elementor-field-group-Firstname elementor-col-50 elementor-field-required elementor-mark-required\">\n\t\t\t\t\t\t\t\t\t\t\t\t<label for=\"form-field-Firstname\" class=\"elementor-field-label\">\n\t\t\t\t\t\t\t\tNome\t\t\t\t\t\t\t<\/label>\n\t\t\t\t\t\t\t\t\t\t\t\t\t\t<input size=\"1\" type=\"text\" name=\"form_fields[Firstname]\" id=\"form-field-Firstname\" class=\"elementor-field elementor-size-sm  elementor-field-textual\" placeholder=\"Nome\" required=\"required\">\n\t\t\t\t\t\t\t\t\t\t\t<\/div>\n\t\t\t\t\t\t\t\t<div class=\"elementor-field-type-text elementor-field-group elementor-column elementor-field-group-Lastname elementor-col-50\">\n\t\t\t\t\t\t\t\t\t\t\t\t<label for=\"form-field-Lastname\" class=\"elementor-field-label\">\n\t\t\t\t\t\t\t\tCognome\t\t\t\t\t\t\t<\/label>\n\t\t\t\t\t\t\t\t\t\t\t\t\t\t<input size=\"1\" type=\"text\" name=\"form_fields[Lastname]\" id=\"form-field-Lastname\" class=\"elementor-field elementor-size-sm  elementor-field-textual\" placeholder=\"Cognome\">\n\t\t\t\t\t\t\t\t\t\t\t<\/div>\n\t\t\t\t\t\t\t\t<div class=\"elementor-field-type-email elementor-field-group elementor-column elementor-field-group-email elementor-col-50 elementor-field-required elementor-mark-required\">\n\t\t\t\t\t\t\t\t\t\t\t\t<label for=\"form-field-email\" class=\"elementor-field-label\">\n\t\t\t\t\t\t\t\tE-Mail\t\t\t\t\t\t\t<\/label>\n\t\t\t\t\t\t\t\t\t\t\t\t\t\t<input size=\"1\" type=\"email\" name=\"form_fields[email]\" id=\"form-field-email\" class=\"elementor-field elementor-size-sm  elementor-field-textual\" placeholder=\"E-Mail\" required=\"required\">\n\t\t\t\t\t\t\t\t\t\t\t<\/div>\n\t\t\t\t\t\t\t\t<div class=\"elementor-field-type-text elementor-field-group elementor-column elementor-field-group-Mobilphone elementor-col-50\">\n\t\t\t\t\t\t\t\t\t\t\t\t<label for=\"form-field-Mobilphone\" class=\"elementor-field-label\">\n\t\t\t\t\t\t\t\tMobiltelefonnummer (f\u00fcr m\u00f6gliche R\u00fcckfragen)\t\t\t\t\t\t\t<\/label>\n\t\t\t\t\t\t\t\t\t\t\t\t\t\t<input size=\"1\" type=\"text\" name=\"form_fields[Mobilphone]\" id=\"form-field-Mobilphone\" class=\"elementor-field elementor-size-sm  elementor-field-textual\" placeholder=\"Numero di telefono cellulare\">\n\t\t\t\t\t\t\t\t\t\t\t<\/div>\n\t\t\t\t\t\t\t\t<div class=\"elementor-field-type-html elementor-field-group elementor-column elementor-field-group-field_df49785 elementor-col-100\">\n\t\t\t\t\t<br><hr><br>Qualche domanda sulla tua pianificazione di viaggio e sul tuo soggiorno in Marocco.<br>\t\t\t\t<\/div>\n\t\t\t\t\t\t\t\t<div class=\"elementor-field-type-date elementor-field-group elementor-column elementor-field-group-ArriveMorocco elementor-col-20 elementor-field-required elementor-mark-required\">\n\t\t\t\t\t\t\t\t\t\t\t\t<label for=\"form-field-ArriveMorocco\" class=\"elementor-field-label\">\n\t\t\t\t\t\t\t\tArrivo in Marocco\t\t\t\t\t\t\t<\/label>\n\t\t\t\t\t\t\n\t\t<input type=\"date\" name=\"form_fields[ArriveMorocco]\" id=\"form-field-ArriveMorocco\" class=\"elementor-field elementor-size-sm  elementor-field-textual elementor-date-field\" required=\"required\" pattern=\"[0-9]{4}-[0-9]{2}-[0-9]{2}\">\n\t\t\t\t\t\t<\/div>\n\t\t\t\t\t\t\t\t<div class=\"elementor-field-type-date elementor-field-group elementor-column elementor-field-group-Resturn elementor-col-20 elementor-field-required elementor-mark-required\">\n\t\t\t\t\t\t\t\t\t\t\t\t<label for=\"form-field-Resturn\" class=\"elementor-field-label\">\n\t\t\t\t\t\t\t\tRitorno\t\t\t\t\t\t\t<\/label>\n\t\t\t\t\t\t\n\t\t<input type=\"date\" name=\"form_fields[Resturn]\" id=\"form-field-Resturn\" class=\"elementor-field elementor-size-sm  elementor-field-textual elementor-date-field\" required=\"required\" pattern=\"[0-9]{4}-[0-9]{2}-[0-9]{2}\">\n\t\t\t\t\t\t<\/div>\n\t\t\t\t\t\t\t\t<div class=\"elementor-field-type-number elementor-field-group elementor-column elementor-field-group-field_e881f20 elementor-col-20\">\n\t\t\t\t\t\t\t\t\t\t\t\t<label for=\"form-field-field_e881f20\" class=\"elementor-field-label\">\n\t\t\t\t\t\t\t\tQuante persone\t\t\t\t\t\t\t<\/label>\n\t\t\t\t\t\t\t\t\t<input type=\"number\" name=\"form_fields[field_e881f20]\" id=\"form-field-field_e881f20\" class=\"elementor-field elementor-size-sm  elementor-field-textual\" min=\"\" max=\"\" >\n\t\t\t\t\t\t<\/div>\n\t\t\t\t\t\t\t\t<div class=\"elementor-field-type-date elementor-field-group elementor-column elementor-field-group-Start elementor-col-20 elementor-field-required elementor-mark-required\">\n\t\t\t\t\t\t\t\t\t\t\t\t<label for=\"form-field-Start\" class=\"elementor-field-label\">\n\t\t\t\t\t\t\t\tQuando inizia il tuo viaggio?\t\t\t\t\t\t\t<\/label>\n\t\t\t\t\t\t\n\t\t<input type=\"date\" name=\"form_fields[Start]\" id=\"form-field-Start\" class=\"elementor-field elementor-size-sm  elementor-field-textual elementor-date-field\" required=\"required\" pattern=\"[0-9]{4}-[0-9]{2}-[0-9]{2}\">\n\t\t\t\t\t\t<\/div>\n\t\t\t\t\t\t\t\t<div class=\"elementor-field-type-number elementor-field-group elementor-column elementor-field-group-field_e9fd7f4 elementor-col-20 elementor-field-required elementor-mark-required\">\n\t\t\t\t\t\t\t\t\t\t\t\t<label for=\"form-field-field_e9fd7f4\" class=\"elementor-field-label\">\n\t\t\t\t\t\t\t\tQuanto dovrebbe durare il viaggio?\t\t\t\t\t\t\t<\/label>\n\t\t\t\t\t\t\t\t\t<input type=\"number\" name=\"form_fields[field_e9fd7f4]\" id=\"form-field-field_e9fd7f4\" class=\"elementor-field elementor-size-sm  elementor-field-textual\" required=\"required\" min=\"\" max=\"\" >\n\t\t\t\t\t\t<\/div>\n\t\t\t\t\t\t\t\t<div class=\"elementor-field-type-text elementor-field-group elementor-column elementor-field-group-Begin elementor-col-50 elementor-field-required elementor-mark-required\">\n\t\t\t\t\t\t\t\t\t\t\t\t<label for=\"form-field-Begin\" class=\"elementor-field-label\">\n\t\t\t\t\t\t\t\tDa dove inizierai il tuo viaggio?\t\t\t\t\t\t\t<\/label>\n\t\t\t\t\t\t\t\t\t\t\t\t\t\t<input size=\"1\" type=\"text\" name=\"form_fields[Begin]\" id=\"form-field-Begin\" class=\"elementor-field elementor-size-sm  elementor-field-textual\" placeholder=\"Indici la citt\u00e0 o il luogo\" required=\"required\">\n\t\t\t\t\t\t\t\t\t\t\t<\/div>\n\t\t\t\t\t\t\t\t<div class=\"elementor-field-type-text elementor-field-group elementor-column elementor-field-group-End elementor-col-50 elementor-field-required elementor-mark-required\">\n\t\t\t\t\t\t\t\t\t\t\t\t<label for=\"form-field-End\" class=\"elementor-field-label\">\n\t\t\t\t\t\t\t\tDove finirai il tuo viaggio?\t\t\t\t\t\t\t<\/label>\n\t\t\t\t\t\t\t\t\t\t\t\t\t\t<input size=\"1\" type=\"text\" name=\"form_fields[End]\" id=\"form-field-End\" class=\"elementor-field elementor-size-sm  elementor-field-textual\" placeholder=\"Indici la citt\u00e0 o il luogo\" required=\"required\">\n\t\t\t\t\t\t\t\t\t\t\t<\/div>\n\t\t\t\t\t\t\t\t<div class=\"elementor-field-type-html elementor-field-group elementor-column elementor-field-group-field_fb0ebec elementor-col-100\">\n\t\t\t\t\t<br><hr><br>Quali luoghi vuoi vedere? <br>\t\t\t\t<\/div>\n\t\t\t\t\t\t\t\t<div class=\"elementor-field-type-checkbox elementor-field-group elementor-column elementor-field-group-field_7f1db84 elementor-col-25\">\n\t\t\t\t\t<div class=\"elementor-field-subgroup  \"><span class=\"elementor-field-option\"><input type=\"checkbox\" value=\"Marakkech\" id=\"form-field-field_7f1db84-0\" name=\"form_fields[field_7f1db84][]\"> <label for=\"form-field-field_7f1db84-0\">Marakkech<\/label><\/span><span class=\"elementor-field-option\"><input type=\"checkbox\" value=\"Fes\" id=\"form-field-field_7f1db84-1\" name=\"form_fields[field_7f1db84][]\"> <label for=\"form-field-field_7f1db84-1\">Fes<\/label><\/span><span class=\"elementor-field-option\"><input type=\"checkbox\" value=\"Tangeri\" id=\"form-field-field_7f1db84-2\" name=\"form_fields[field_7f1db84][]\"> <label for=\"form-field-field_7f1db84-2\">Tangeri<\/label><\/span><span class=\"elementor-field-option\"><input type=\"checkbox\" value=\"Casablanca\" id=\"form-field-field_7f1db84-3\" name=\"form_fields[field_7f1db84][]\"> <label for=\"form-field-field_7f1db84-3\">Casablanca<\/label><\/span><span class=\"elementor-field-option\"><input type=\"checkbox\" value=\"Errachidia\" id=\"form-field-field_7f1db84-4\" name=\"form_fields[field_7f1db84][]\"> <label for=\"form-field-field_7f1db84-4\">Errachidia<\/label><\/span><span class=\"elementor-field-option\"><input type=\"checkbox\" value=\"Essaouira\" id=\"form-field-field_7f1db84-5\" name=\"form_fields[field_7f1db84][]\"> <label for=\"form-field-field_7f1db84-5\">Essaouira<\/label><\/span><span class=\"elementor-field-option\"><input type=\"checkbox\" value=\"Agadir\" id=\"form-field-field_7f1db84-6\" name=\"form_fields[field_7f1db84][]\"> <label for=\"form-field-field_7f1db84-6\">Agadir<\/label><\/span><span class=\"elementor-field-option\"><input type=\"checkbox\" value=\"Meknes\" id=\"form-field-field_7f1db84-7\" name=\"form_fields[field_7f1db84][]\"> <label for=\"form-field-field_7f1db84-7\">Meknes<\/label><\/span><span class=\"elementor-field-option\"><input type=\"checkbox\" value=\"Ouarzazate\" id=\"form-field-field_7f1db84-8\" name=\"form_fields[field_7f1db84][]\"> <label for=\"form-field-field_7f1db84-8\">Ouarzazate<\/label><\/span><\/div>\t\t\t\t<\/div>\n\t\t\t\t\t\t\t\t<div class=\"elementor-field-type-checkbox elementor-field-group elementor-column elementor-field-group-field_40a71ae elementor-col-33\">\n\t\t\t\t\t<div class=\"elementor-field-subgroup  \"><span class=\"elementor-field-option\"><input type=\"checkbox\" value=\"Deserto\" id=\"form-field-field_40a71ae-0\" name=\"form_fields[field_40a71ae][]\"> <label for=\"form-field-field_40a71ae-0\">Deserto<\/label><\/span><span class=\"elementor-field-option\"><input type=\"checkbox\" value=\"Ait Ben Haddou\" id=\"form-field-field_40a71ae-1\" name=\"form_fields[field_40a71ae][]\"> <label for=\"form-field-field_40a71ae-1\">Ait Ben Haddou<\/label><\/span><span class=\"elementor-field-option\"><input type=\"checkbox\" value=\"Montagne dell&#039;Atlante\" id=\"form-field-field_40a71ae-2\" name=\"form_fields[field_40a71ae][]\"> <label for=\"form-field-field_40a71ae-2\">Montagne dell'Atlante<\/label><\/span><span class=\"elementor-field-option\"><input type=\"checkbox\" value=\"Ouzoud cascata\" id=\"form-field-field_40a71ae-3\" name=\"form_fields[field_40a71ae][]\"> <label for=\"form-field-field_40a71ae-3\">Ouzoud cascata<\/label><\/span><span class=\"elementor-field-option\"><input type=\"checkbox\" value=\"Valle di Ourika \/  cascate di Asgaour\" id=\"form-field-field_40a71ae-4\" name=\"form_fields[field_40a71ae][]\"> <label for=\"form-field-field_40a71ae-4\">Valle di Ourika \/  cascate di Asgaour<\/label><\/span><span class=\"elementor-field-option\"><input type=\"checkbox\" value=\"Lussuoso campeggio nel deserto*\" id=\"form-field-field_40a71ae-5\" name=\"form_fields[field_40a71ae][]\"> <label for=\"form-field-field_40a71ae-5\">Lussuoso campeggio nel deserto*<\/label><\/span><span class=\"elementor-field-option\"><input type=\"checkbox\" value=\"Cammello\" id=\"form-field-field_40a71ae-6\" name=\"form_fields[field_40a71ae][]\"> <label for=\"form-field-field_40a71ae-6\">Cammello<\/label><\/span><span class=\"elementor-field-option\"><input type=\"checkbox\" value=\"Volo in mongolfiera\" id=\"form-field-field_40a71ae-7\" name=\"form_fields[field_40a71ae][]\"> <label for=\"form-field-field_40a71ae-7\">Volo in mongolfiera<\/label><\/span><span class=\"elementor-field-option\"><input type=\"checkbox\" value=\"Tour in quad\" id=\"form-field-field_40a71ae-8\" name=\"form_fields[field_40a71ae][]\"> <label for=\"form-field-field_40a71ae-8\">Tour in quad<\/label><\/span><\/div>\t\t\t\t<\/div>\n\t\t\t\t\t\t\t\t<div class=\"elementor-field-type-textarea elementor-field-group elementor-column elementor-field-group-message elementor-col-40\">\n\t\t\t\t\t\t\t\t\t\t\t\t<label for=\"form-field-message\" class=\"elementor-field-label\">\n\t\t\t\t\t\t\t\tMessaggio\t\t\t\t\t\t\t<\/label>\n\t\t\t\t\t\t<textarea class=\"elementor-field-textual elementor-field  elementor-size-sm\" name=\"form_fields[message]\" id=\"form-field-message\" rows=\"10\" placeholder=\"Messaggio\"><\/textarea>\t\t\t\t<\/div>\n\t\t\t\t\t\t\t\t<div class=\"elementor-field-type-html elementor-field-group elementor-column elementor-field-group-field_9ed8e99 elementor-col-100\">\n\t\t\t\t\t<p><hr><br>*) Altrimenti soggiornerai in un hotel nel deserto (possibile solo se fai un tour nel deserto).<p>\r\n<p>Dopo aver cliccato su Invia, riceverai un'e-mail con i dati trasmessi e ti preghiamo di controllare la tua cartella spam.<\/p>\t\t\t\t<\/div>\n\t\t\t\t\t\t\t\t<div class=\"elementor-field-type-html elementor-field-group elementor-column elementor-field-group-field_45e6ddf elementor-col-100\">\n\t\t\t\t\t<hr>\t\t\t\t<\/div>\n\t\t\t\t\t\t\t\t<div class=\"elementor-field-type-html elementor-field-group elementor-column elementor-field-group-field_c1ea149 elementor-col-100\">\n\t\t\t\t\tAlcune informazioni per noi internamente:\t\t\t\t<\/div>\n\t\t\t\t\t\t\t\t<div class=\"elementor-field-type-text elementor-field-group elementor-column elementor-field-group-Country elementor-col-50\">\n\t\t\t\t\t\t\t\t\t\t\t\t<label for=\"form-field-Country\" class=\"elementor-field-label\">\n\t\t\t\t\t\t\t\tDa dove vieni?\t\t\t\t\t\t\t<\/label>\n\t\t\t\t\t\t\t\t\t\t\t\t\t\t<input size=\"1\" type=\"text\" name=\"form_fields[Country]\" id=\"form-field-Country\" class=\"elementor-field elementor-size-sm  elementor-field-textual\">\n\t\t\t\t\t\t\t\t\t\t\t<\/div>\n\t\t\t\t\t\t\t\t<div class=\"elementor-field-type-checkbox elementor-field-group elementor-column elementor-field-group-How elementor-col-50\">\n\t\t\t\t\t\t\t\t\t\t\t\t<label for=\"form-field-How\" class=\"elementor-field-label\">\n\t\t\t\t\t\t\t\tCome ci hai conosciuti?\t\t\t\t\t\t\t<\/label>\n\t\t\t\t\t\t<div class=\"elementor-field-subgroup  elementor-subgroup-inline\"><span class=\"elementor-field-option\"><input type=\"checkbox\" value=\"Motore di ricerca (Google, Bing ...)\" id=\"form-field-How-0\" name=\"form_fields[How][]\"> <label for=\"form-field-How-0\">Motore di ricerca (Google, Bing ...)<\/label><\/span><span class=\"elementor-field-option\"><input type=\"checkbox\" value=\"Facebook\" id=\"form-field-How-1\" name=\"form_fields[How][]\"> <label for=\"form-field-How-1\">Facebook<\/label><\/span><span class=\"elementor-field-option\"><input type=\"checkbox\" value=\"Instagram\" id=\"form-field-How-2\" name=\"form_fields[How][]\"> <label for=\"form-field-How-2\">Instagram<\/label><\/span><span class=\"elementor-field-option\"><input type=\"checkbox\" value=\"Google My Business\" id=\"form-field-How-3\" name=\"form_fields[How][]\"> <label for=\"form-field-How-3\">Google My Business<\/label><\/span><\/div>\t\t\t\t<\/div>\n\t\t\t\t\t\t\t\t<div class=\"elementor-field-type-html elementor-field-group elementor-column elementor-field-group-field_115adf4 elementor-col-100\">\n\t\t\t\t\t<br><hr>\r\n<br>\r\nPer fornirti i contenuti richiesti, dobbiamo memorizzare ed elaborare i tuoi dati personali. Se acconsenti al salvataggio dei tuoi dati personali per questo scopo, seleziona la casella sottostante.\t\t\t\t<\/div>\n\t\t\t\t\t\t\t\t<div class=\"elementor-field-type-recaptcha_v3 elementor-field-group elementor-column elementor-field-group-field_ee20025 elementor-col-100 recaptcha_v3-bottomright\">\n\t\t\t\t\t<div class=\"elementor-field\" id=\"form-field-field_ee20025\"><div class=\"elementor-g-recaptcha\" data-sitekey=\"6LeNhM4fAAAAABOQ2RkvXYYnl1nPpQIWuqnZmSaE\" data-type=\"v3\" data-action=\"Form\" data-badge=\"bottomright\" data-size=\"invisible\"><\/div><\/div>\t\t\t\t<\/div>\n\t\t\t\t\t\t\t\t<div class=\"elementor-field-type-acceptance elementor-field-group elementor-column elementor-field-group-field_862417d elementor-col-100 elementor-field-required elementor-mark-required\">\n\t\t\t\t\t\t\t<div class=\"elementor-field-subgroup\">\n\t\t\t<span class=\"elementor-field-option\">\n\t\t\t\t<input type=\"checkbox\" name=\"form_fields[field_862417d]\" id=\"form-field-field_862417d\" class=\"elementor-field elementor-size-sm  elementor-acceptance-field\" required=\"required\">\n\t\t\t\t<label for=\"form-field-field_862417d\">Acconsento alla memorizzazione e al trattamento dei miei dati personali da parte di Morocco Life Tours. Ho preso conoscenza della <a title=\"Datenschutzerkl\u00e4rung\" href=\"https:\/\/www.moroccolifetours.com\/it\/informativa-privacy\/\">Privacy Policy<\/a>. <br><\/label>\t\t\t<\/span>\n\t\t<\/div>\n\t\t\t\t\t\t<\/div>\n\t\t\t\t\t\t\t\t<div class=\"elementor-field-type-text elementor-field-group elementor-column elementor-field-group-field_f991ad0 elementor-col-100\">\n\t\t\t\t\t\t\t\t\t\t\t\t\t<input size=\"1\" type=\"text\" name=\"form_fields[field_f991ad0]\" id=\"form-field-field_f991ad0\" class=\"elementor-field elementor-size-sm  elementor-field-textual\">\n\t\t\t\t\t\t\t\t\t\t\t<\/div>\n\t\t\t\t\t\t\t\t<div class=\"elementor-field-group elementor-column elementor-field-type-submit elementor-col-30 e-form__buttons\">\n\t\t\t\t\t<button class=\"elementor-button elementor-size-sm\" type=\"submit\">\n\t\t\t\t\t\t<span class=\"elementor-button-content-wrapper\">\n\t\t\t\t\t\t\t\t\t\t\t\t\t\t\t\t\t\t\t\t\t\t<span class=\"elementor-button-text\">Invia<\/span>\n\t\t\t\t\t\t\t\t\t\t\t\t\t<\/span>\n\t\t\t\t\t<\/button>\n\t\t\t\t<\/div>\n\t\t\t<\/div>\n\t\t<\/form>\n\t\t\t\t\t\t<\/div>\n\t\t\t\t<\/div>\n\t\t\t\t\t<\/div>\n\t\t<\/div>\n\t\t\t\t\t<\/div>\n\t\t<\/section>\n\t\t\t\t<\/div>\n\t\t","protected":false},"excerpt":{"rendered":"<p>Richiesta di viaggio per il tuo tour del Marocco Richiesta di viaggio per il tuo tour individuale in citt\u00e0 e nel deserto del Marocco, dicci cosa ti piacerebbe vedere in Marocco, pianifichiamo il tuo viaggio personalizzato. Si prega di utilizzare il nostro modulo, abbiamo gi\u00e0 inserito alcune attrazioni interessanti in Marocco. Inserisci le tue richieste [&hellip;]<\/p>\n","protected":false},"author":1,"featured_media":0,"parent":0,"menu_order":0,"comment_status":"closed","ping_status":"closed","template":"","meta":{"_monsterinsights_skip_tracking":false,"_monsterinsights_sitenote_active":false,"_monsterinsights_sitenote_note":"","_monsterinsights_sitenote_category":0,"_joinchat":[],"footnotes":""},"class_list":["post-3204","page","type-page","status-publish","hentry"],"_links":{"self":[{"href":"https:\/\/www.moroccolifetours.com\/it\/wp-json\/wp\/v2\/pages\/3204","targetHints":{"allow":["GET"]}}],"collection":[{"href":"https:\/\/www.moroccolifetours.com\/it\/wp-json\/wp\/v2\/pages"}],"about":[{"href":"https:\/\/www.moroccolifetours.com\/it\/wp-json\/wp\/v2\/types\/page"}],"author":[{"embeddable":true,"href":"https:\/\/www.moroccolifetours.com\/it\/wp-json\/wp\/v2\/users\/1"}],"replies":[{"embeddable":true,"href":"https:\/\/www.moroccolifetours.com\/it\/wp-json\/wp\/v2\/comments?post=3204"}],"version-history":[{"count":0,"href":"https:\/\/www.moroccolifetours.com\/it\/wp-json\/wp\/v2\/pages\/3204\/revisions"}],"wp:attachment":[{"href":"https:\/\/www.moroccolifetours.com\/it\/wp-json\/wp\/v2\/media?parent=3204"}],"curies":[{"name":"wp","href":"https:\/\/api.w.org\/{rel}","templated":true}]}}