{"id":3139,"date":"2024-06-03T12:02:37","date_gmt":"2024-06-03T11:02:37","guid":{"rendered":"https:\/\/www.moroccolifetours.com\/tour-di-3-giorni-da-errachidia-al-sahara\/"},"modified":"2026-01-18T17:28:55","modified_gmt":"2026-01-18T16:28:55","slug":"tour-di-3-giorni-da-errachidia-al-sahara","status":"publish","type":"page","link":"https:\/\/www.moroccolifetours.com\/it\/tour-di-3-giorni-da-errachidia-al-sahara\/","title":{"rendered":"Tour di 3 giorni da Errachidia al Sahara"},"content":{"rendered":"\t\t<div data-elementor-type=\"wp-page\" data-elementor-id=\"3139\" class=\"elementor elementor-3139 elementor-2792\" data-elementor-post-type=\"page\">\n\t\t\t\t\t\t<section class=\"elementor-section elementor-top-section elementor-element elementor-element-87eed36 elementor-section-boxed elementor-section-height-default elementor-section-height-default\" data-id=\"87eed36\" data-element_type=\"section\" data-e-type=\"section\">\n\t\t\t\t\t\t<div class=\"elementor-container elementor-column-gap-default\">\n\t\t\t\t\t<div class=\"elementor-column elementor-col-100 elementor-top-column elementor-element elementor-element-3d72418\" data-id=\"3d72418\" data-element_type=\"column\" data-e-type=\"column\">\n\t\t\t<div class=\"elementor-widget-wrap elementor-element-populated\">\n\t\t\t\t\t\t<div class=\"elementor-element elementor-element-df13887 elementor-widget elementor-widget-heading\" data-id=\"df13887\" data-element_type=\"widget\" data-e-type=\"widget\" data-widget_type=\"heading.default\">\n\t\t\t\t<div class=\"elementor-widget-container\">\n\t\t\t\t\t<h1 class=\"elementor-heading-title elementor-size-default\">Tour di 3 giorni da Errachidia nel Sahara<\/h1>\t\t\t\t<\/div>\n\t\t\t\t<\/div>\n\t\t\t\t<div class=\"elementor-element elementor-element-e145eee elementor-widget elementor-widget-heading\" data-id=\"e145eee\" data-element_type=\"widget\" data-e-type=\"widget\" data-widget_type=\"heading.default\">\n\t\t\t\t<div class=\"elementor-widget-container\">\n\t\t\t\t\t<h2 class=\"elementor-heading-title elementor-size-default\">Giorno 1: Errachidia - Valle dello Ziz -Errfoud - Merzouga<\/h2>\t\t\t\t<\/div>\n\t\t\t\t<\/div>\n\t\t\t\t<div class=\"elementor-element elementor-element-1ffbb6d elementor-widget elementor-widget-text-editor\" data-id=\"1ffbb6d\" data-element_type=\"widget\" data-e-type=\"widget\" data-widget_type=\"text-editor.default\">\n\t\t\t\t<div class=\"elementor-widget-container\">\n\t\t\t\t\t\t\t\t\t<p>La mattina verremo a prendervi al vostro alloggio.<br \/>\nPoi il primo giorno di questo tour di 3 giorni da Errachidia a Marrakech inizia con il viaggio a Merzouga attraverso diverse citt\u00e0.<br \/>\nLungo il percorso attraversiamo la valle di Ziz, dove ci fermiamo per ammirare il panorama e i paesaggi affascinanti e scattare qualche foto.<br \/>\nPrima di arrivare nel deserto di Merzouga, passiamo per le citt\u00e0 di Erfoud (il centro dei fossili in Marocco).<br \/>\nDopo il primo giorno soggiornerai in un hotel vicino alle dune \/ al deserto.<\/p>\n\t\t\t\t\t\t\t\t<\/div>\n\t\t\t\t<\/div>\n\t\t\t\t<div class=\"elementor-element elementor-element-186d9a5 elementor-widget elementor-widget-heading\" data-id=\"186d9a5\" data-element_type=\"widget\" data-e-type=\"widget\" data-widget_type=\"heading.default\">\n\t\t\t\t<div class=\"elementor-widget-container\">\n\t\t\t\t\t<h2 class=\"elementor-heading-title elementor-size-default\">GIORNO 2: ESPLORAZIONE DEL DESERTO DI MERZOUGA - TREKKING CAMMELLO <\/h2>\t\t\t\t<\/div>\n\t\t\t\t<\/div>\n\t\t\t\t<div class=\"elementor-element elementor-element-5469a7a elementor-widget elementor-widget-text-editor\" data-id=\"5469a7a\" data-element_type=\"widget\" data-e-type=\"widget\" data-widget_type=\"text-editor.default\">\n\t\t\t\t<div class=\"elementor-widget-container\">\n\t\t\t\t\t\t\t\t\tOggi vi guideremo attraverso il programma di tour di Errachidia. In questo tour, vedrai il modo di vivere e la cultura interessanti della gente del deserto di Sahar.\r\nPrima visitiamo il vecchio villaggio di Khamlia (villaggio dei neri). La zona \u00e8 abitata principalmente da persone che sono state portate come schiavi dal Sudan, dal Senegal e dal Mali.\r\nI nomadi qui sono molto gentili e amichevoli e sarebbero felici di condividere la loro vita quotidiana con voi. La giornata prosegue con una visita alle vecchie miniere vicino al confine tra il Marocco e l&#8217;Algeria.\r\n\r\nPoi si torna a Merzouga, dove si mangia Medfouna (anche chiamato pizza berbera) per il pranzo.\r\nDopo una breve pausa ti aspetta un trekking in cammello.\r\nCavalcherete i cammelli, guidati dal vostro cammello, verso le dune di Erg Chebbi.\r\nCi vogliono circa 90 minuti per raggiungere Erg Chebbi.\r\nOltre ad ammirare i paesaggi del vasto deserto, probabilmente scatterai anche delle belle foto.\r\nUna delle esperienze pi\u00f9 belle \u00e8 il tramonto sulle dune di sabbia pi\u00f9 alte del Nord Africa.\r\n\r\nDopo cena, potrete ascoltare i tamburi e la musica berbera attorno al fuoco. Vi aspetta anche la cena e la colazione.\t\t\t\t\t\t\t\t<\/div>\n\t\t\t\t<\/div>\n\t\t\t\t<div class=\"elementor-element elementor-element-6fad093 elementor-widget elementor-widget-heading\" data-id=\"6fad093\" data-element_type=\"widget\" data-e-type=\"widget\" data-widget_type=\"heading.default\">\n\t\t\t\t<div class=\"elementor-widget-container\">\n\t\t\t\t\t<h2 class=\"elementor-heading-title elementor-size-default\">Giorno 3: Viaggio nel deserto del Sahara a Rissani <\/h2>\t\t\t\t<\/div>\n\t\t\t\t<\/div>\n\t\t\t\t<div class=\"elementor-element elementor-element-e31915a elementor-widget elementor-widget-text-editor\" data-id=\"e31915a\" data-element_type=\"widget\" data-e-type=\"widget\" data-widget_type=\"text-editor.default\">\n\t\t\t\t<div class=\"elementor-widget-container\">\n\t\t\t\t\t\t\t\t\t<p>Nell&#8217;ultimo giorno del tour nel deserto del Sahara, puoi alzarti presto per guardare l&#8217;alba dietro le dune.<br \/>\nDopo una ricca colazione, ci dirigeremo a Rissani, dove visiterete il mercato berbero.<br \/>\nDopo la visita della citt\u00e0, ti accompagniamo dove vuoi.<br \/>\nSecondo l&#8217;itinerario, sarete riportati a Ouarzazate, Marrakech, Errachidia o Fez.<\/p>\n\t\t\t\t\t\t\t\t<\/div>\n\t\t\t\t<\/div>\n\t\t\t\t<div class=\"elementor-element elementor-element-78827f3 elementor-widget elementor-widget-heading\" data-id=\"78827f3\" data-element_type=\"widget\" data-e-type=\"widget\" data-widget_type=\"heading.default\">\n\t\t\t\t<div class=\"elementor-widget-container\">\n\t\t\t\t\t<h2 class=\"elementor-heading-title elementor-size-default\">Servizi Inclusi:<\/h2>\t\t\t\t<\/div>\n\t\t\t\t<\/div>\n\t\t\t\t<div class=\"elementor-element elementor-element-8d332b3 elementor-widget elementor-widget-text-editor\" data-id=\"8d332b3\" data-element_type=\"widget\" data-e-type=\"widget\" data-widget_type=\"text-editor.default\">\n\t\t\t\t<div class=\"elementor-widget-container\">\n\t\t\t\t\t\t\t\t\t<ul>\r\n \t<li>Trasporto privato AC con guida\/autista di lingua inglese<\/li>\r\n \t<li>Ti veniamo a prendere e ti portiamo al tuo alloggio<\/li>\r\n \t<li>1 notte in un campeggio di lusso nel deserto in tende private<\/li>\r\n \t<li>Trekking in cammello nel Sahara Merzouga<\/li>\r\n \t<li>Cena e colazione<\/li>\r\n<\/ul>\t\t\t\t\t\t\t\t<\/div>\n\t\t\t\t<\/div>\n\t\t\t\t<div class=\"elementor-element elementor-element-608e196 elementor-widget elementor-widget-heading\" data-id=\"608e196\" data-element_type=\"widget\" data-e-type=\"widget\" data-widget_type=\"heading.default\">\n\t\t\t\t<div class=\"elementor-widget-container\">\n\t\t\t\t\t<h2 class=\"elementor-heading-title elementor-size-default\">Servizi Esclusi:<\/h2>\t\t\t\t<\/div>\n\t\t\t\t<\/div>\n\t\t\t\t<div class=\"elementor-element elementor-element-b22126f elementor-widget elementor-widget-text-editor\" data-id=\"b22126f\" data-element_type=\"widget\" data-e-type=\"widget\" data-widget_type=\"text-editor.default\">\n\t\t\t\t<div class=\"elementor-widget-container\">\n\t\t\t\t\t\t\t\t\t<ul>\r\n \t<li>Pranzo, Bevande<\/li>\r\n \t<li>Biglietti d&#8217;ingresso, altre spese personali e denaro da spendere<\/li>\r\n<\/ul>\t\t\t\t\t\t\t\t<\/div>\n\t\t\t\t<\/div>\n\t\t\t\t\t<\/div>\n\t\t<\/div>\n\t\t\t\t\t<\/div>\n\t\t<\/section>\n\t\t\t\t<\/div>\n\t\t","protected":false},"excerpt":{"rendered":"<p>Tour di 3 giorni da Errachidia nel Sahara Giorno 1: Errachidia &#8211; Valle dello Ziz -Errfoud &#8211; Merzouga La mattina verremo a prendervi al vostro alloggio. Poi il primo giorno di questo tour di 3 giorni da Errachidia a Marrakech inizia con il viaggio a Merzouga attraverso diverse citt\u00e0. Lungo il percorso attraversiamo la valle [&hellip;]<\/p>\n","protected":false},"author":3,"featured_media":0,"parent":0,"menu_order":0,"comment_status":"closed","ping_status":"closed","template":"","meta":{"_monsterinsights_skip_tracking":false,"_monsterinsights_sitenote_active":false,"_monsterinsights_sitenote_note":"","_monsterinsights_sitenote_category":0,"_joinchat":[],"footnotes":""},"class_list":["post-3139","page","type-page","status-publish","hentry"],"_links":{"self":[{"href":"https:\/\/www.moroccolifetours.com\/it\/wp-json\/wp\/v2\/pages\/3139","targetHints":{"allow":["GET"]}}],"collection":[{"href":"https:\/\/www.moroccolifetours.com\/it\/wp-json\/wp\/v2\/pages"}],"about":[{"href":"https:\/\/www.moroccolifetours.com\/it\/wp-json\/wp\/v2\/types\/page"}],"author":[{"embeddable":true,"href":"https:\/\/www.moroccolifetours.com\/it\/wp-json\/wp\/v2\/users\/3"}],"replies":[{"embeddable":true,"href":"https:\/\/www.moroccolifetours.com\/it\/wp-json\/wp\/v2\/comments?post=3139"}],"version-history":[{"count":3,"href":"https:\/\/www.moroccolifetours.com\/it\/wp-json\/wp\/v2\/pages\/3139\/revisions"}],"predecessor-version":[{"id":5683,"href":"https:\/\/www.moroccolifetours.com\/it\/wp-json\/wp\/v2\/pages\/3139\/revisions\/5683"}],"wp:attachment":[{"href":"https:\/\/www.moroccolifetours.com\/it\/wp-json\/wp\/v2\/media?parent=3139"}],"curies":[{"name":"wp","href":"https:\/\/api.w.org\/{rel}","templated":true}]}}