{"id":3137,"date":"2022-01-26T20:49:18","date_gmt":"2022-01-26T19:49:18","guid":{"rendered":"https:\/\/www.moroccolifetours.com\/tour-in-cammello-di-3-giorni-nel-deserto-del-sahara\/"},"modified":"2024-11-14T09:55:38","modified_gmt":"2024-11-14T08:55:38","slug":"tour-in-cammello-di-3-giorni-nel-deserto-del-sahara","status":"publish","type":"page","link":"https:\/\/www.moroccolifetours.com\/it\/tour-in-cammello-di-3-giorni-nel-deserto-del-sahara\/","title":{"rendered":"Tour in cammello di 3 giorni nel deserto del Sahara"},"content":{"rendered":"\t\t<div data-elementor-type=\"wp-page\" data-elementor-id=\"3137\" class=\"elementor elementor-3137 elementor-1949\" data-elementor-post-type=\"page\">\n\t\t\t\t\t\t<section class=\"elementor-section elementor-top-section elementor-element elementor-element-62f4714 elementor-section-boxed elementor-section-height-default elementor-section-height-default\" data-id=\"62f4714\" data-element_type=\"section\" data-e-type=\"section\">\n\t\t\t\t\t\t<div class=\"elementor-container elementor-column-gap-default\">\n\t\t\t\t\t<div class=\"elementor-column elementor-col-100 elementor-top-column elementor-element elementor-element-e544113\" data-id=\"e544113\" data-element_type=\"column\" data-e-type=\"column\">\n\t\t\t<div class=\"elementor-widget-wrap elementor-element-populated\">\n\t\t\t\t\t\t<div class=\"elementor-element elementor-element-11ebe7a elementor-widget elementor-widget-heading\" data-id=\"11ebe7a\" data-element_type=\"widget\" data-e-type=\"widget\" data-widget_type=\"heading.default\">\n\t\t\t\t<div class=\"elementor-widget-container\">\n\t\t\t\t\t<h1 class=\"elementor-heading-title elementor-size-default\">Tour in cammello di 3 giorni nel deserto del Sahara Merzouga <\/h1>\t\t\t\t<\/div>\n\t\t\t\t<\/div>\n\t\t\t\t\t<\/div>\n\t\t<\/div>\n\t\t\t\t\t<\/div>\n\t\t<\/section>\n\t\t\t\t<section class=\"elementor-section elementor-top-section elementor-element elementor-element-76f5648 elementor-section-boxed elementor-section-height-default elementor-section-height-default\" data-id=\"76f5648\" data-element_type=\"section\" data-e-type=\"section\">\n\t\t\t\t\t\t<div class=\"elementor-container elementor-column-gap-default\">\n\t\t\t\t\t<div class=\"elementor-column elementor-col-100 elementor-top-column elementor-element elementor-element-36c9bea\" data-id=\"36c9bea\" data-element_type=\"column\" data-e-type=\"column\">\n\t\t\t<div class=\"elementor-widget-wrap elementor-element-populated\">\n\t\t\t\t\t\t<div class=\"elementor-element elementor-element-727b34f elementor-widget elementor-widget-image\" data-id=\"727b34f\" data-element_type=\"widget\" data-e-type=\"widget\" data-widget_type=\"image.default\">\n\t\t\t\t<div class=\"elementor-widget-container\">\n\t\t\t\t\t\t\t\t\t\t\t\t\t\t\t<img decoding=\"async\" src=\"https:\/\/www.moroccolifetours.com\/wp-content\/uploads\/2022\/02\/erg-chebbi-bg.jpg\" title=\"erg-chebbi\" alt=\"erg chebbi dunes\" loading=\"lazy\" \/>\t\t\t\t\t\t\t\t\t\t\t\t\t\t\t<\/div>\n\t\t\t\t<\/div>\n\t\t\t\t\t<\/div>\n\t\t<\/div>\n\t\t\t\t\t<\/div>\n\t\t<\/section>\n\t\t\t\t<section class=\"elementor-section elementor-top-section elementor-element elementor-element-6a13202 elementor-section-boxed elementor-section-height-default elementor-section-height-default\" data-id=\"6a13202\" data-element_type=\"section\" data-e-type=\"section\">\n\t\t\t\t\t\t<div class=\"elementor-container elementor-column-gap-default\">\n\t\t\t\t\t<div class=\"elementor-column elementor-col-100 elementor-top-column elementor-element elementor-element-568e245\" data-id=\"568e245\" data-element_type=\"column\" data-e-type=\"column\">\n\t\t\t<div class=\"elementor-widget-wrap elementor-element-populated\">\n\t\t\t\t\t\t<div class=\"elementor-element elementor-element-893d5d6 elementor-widget elementor-widget-spacer\" data-id=\"893d5d6\" data-element_type=\"widget\" data-e-type=\"widget\" data-widget_type=\"spacer.default\">\n\t\t\t\t<div class=\"elementor-widget-container\">\n\t\t\t\t\t\t\t<div class=\"elementor-spacer\">\n\t\t\t<div class=\"elementor-spacer-inner\"><\/div>\n\t\t<\/div>\n\t\t\t\t\t\t<\/div>\n\t\t\t\t<\/div>\n\t\t\t\t\t<\/div>\n\t\t<\/div>\n\t\t\t\t\t<\/div>\n\t\t<\/section>\n\t\t\t\t<section class=\"elementor-section elementor-top-section elementor-element elementor-element-44dce9c elementor-section-boxed elementor-section-height-default elementor-section-height-default\" data-id=\"44dce9c\" data-element_type=\"section\" data-e-type=\"section\">\n\t\t\t\t\t\t<div class=\"elementor-container elementor-column-gap-default\">\n\t\t\t\t\t<div class=\"elementor-column elementor-col-50 elementor-top-column elementor-element elementor-element-901761f\" data-id=\"901761f\" data-element_type=\"column\" data-e-type=\"column\">\n\t\t\t<div class=\"elementor-widget-wrap elementor-element-populated\">\n\t\t\t\t\t\t<div class=\"elementor-element elementor-element-5cfc90d elementor-widget elementor-widget-image\" data-id=\"5cfc90d\" data-element_type=\"widget\" data-e-type=\"widget\" data-widget_type=\"image.default\">\n\t\t\t\t<div class=\"elementor-widget-container\">\n\t\t\t\t\t\t\t\t\t\t\t\t\t\t\t<img fetchpriority=\"high\" decoding=\"async\" width=\"800\" height=\"600\" src=\"https:\/\/www.moroccolifetours.com\/wp-content\/uploads\/2022\/03\/MERZOUGA-SIGHTSEEING-1.jpg\" class=\"attachment-large size-large wp-image-3132\" alt=\"3 Days Camel Trekking in the Sahara Desert of Merzouga\" srcset=\"https:\/\/www.moroccolifetours.com\/wp-content\/uploads\/2022\/03\/MERZOUGA-SIGHTSEEING-1.jpg 800w, https:\/\/www.moroccolifetours.com\/wp-content\/uploads\/2022\/03\/MERZOUGA-SIGHTSEEING-1-300x225.jpg 300w, https:\/\/www.moroccolifetours.com\/wp-content\/uploads\/2022\/03\/MERZOUGA-SIGHTSEEING-1-768x576.jpg 768w\" sizes=\"(max-width: 800px) 100vw, 800px\" \/>\t\t\t\t\t\t\t\t\t\t\t\t\t\t\t<\/div>\n\t\t\t\t<\/div>\n\t\t\t\t\t<\/div>\n\t\t<\/div>\n\t\t\t\t<div class=\"elementor-column elementor-col-50 elementor-top-column elementor-element elementor-element-bab96f2\" data-id=\"bab96f2\" data-element_type=\"column\" data-e-type=\"column\">\n\t\t\t<div class=\"elementor-widget-wrap elementor-element-populated\">\n\t\t\t\t\t\t<div class=\"elementor-element elementor-element-af7fbd5 elementor-widget elementor-widget-heading\" data-id=\"af7fbd5\" data-element_type=\"widget\" data-e-type=\"widget\" data-widget_type=\"heading.default\">\n\t\t\t\t<div class=\"elementor-widget-container\">\n\t\t\t\t\t<h5 class=\"elementor-heading-title elementor-size-default\">GIORNO 1<\/h5>\t\t\t\t<\/div>\n\t\t\t\t<\/div>\n\t\t\t\t<div class=\"elementor-element elementor-element-afdb8b7 elementor-widget elementor-widget-text-editor\" data-id=\"afdb8b7\" data-element_type=\"widget\" data-e-type=\"widget\" data-widget_type=\"text-editor.default\">\n\t\t\t\t<div class=\"elementor-widget-container\">\n\t\t\t\t\t\t\t\t\t<p>Il primo giorno, il trekking in cammello inizia prima del tramonto e viaggerete con un team in una carovana dall&#8217;hotel nella citt\u00e0 di Merzouga. La carovana deve portare con s\u00e9 cibo, coperte e tutto il necessario per il viaggio. Avrai l&#8217;opportunit\u00e0 di vedere il tramonto nel Sahara, uno dei pi\u00f9 belli che si possano ammirare. Si consiglia vivamente di scattare foto in questo momento per documentarlo.<\/p>\n<p>Una volta arrivati al campo, potrete rilassarvi con un t\u00e8 alla menta marocchino e godervi il bel tempo mentre si raffredda.<\/p>\n<p>I campi offrono sempre intrattenimento sotto forma di una band tradizionale che suona suoni ipnotici di tamburo.<\/p>\n<p>Il cielo sar\u00e0 affascinante, il deserto \u00e8 uno dei posti migliori del mondo per vedere il chiaro cielo notturno. Provate a nominare alcune delle costellazioni di base, se ne conoscete &#8211; questo \u00e8 il pi\u00f9 divertente.<\/p>\n<p>Dopo aver goduto di tutto, si pu\u00f2 andare a dormire, ma bisogna alzarsi presto per non perdere l&#8217;alba.<\/p>\n\t\t\t\t\t\t\t\t<\/div>\n\t\t\t\t<\/div>\n\t\t\t\t\t<\/div>\n\t\t<\/div>\n\t\t\t\t\t<\/div>\n\t\t<\/section>\n\t\t\t\t<section class=\"elementor-section elementor-top-section elementor-element elementor-element-b0783b4 elementor-section-boxed elementor-section-height-default elementor-section-height-default\" data-id=\"b0783b4\" data-element_type=\"section\" data-e-type=\"section\">\n\t\t\t\t\t\t<div class=\"elementor-container elementor-column-gap-default\">\n\t\t\t\t\t<div class=\"elementor-column elementor-col-100 elementor-top-column elementor-element elementor-element-cb59f64\" data-id=\"cb59f64\" data-element_type=\"column\" data-e-type=\"column\">\n\t\t\t<div class=\"elementor-widget-wrap elementor-element-populated\">\n\t\t\t\t\t\t<div class=\"elementor-element elementor-element-6693043 elementor-widget elementor-widget-spacer\" data-id=\"6693043\" data-element_type=\"widget\" data-e-type=\"widget\" data-widget_type=\"spacer.default\">\n\t\t\t\t<div class=\"elementor-widget-container\">\n\t\t\t\t\t\t\t<div class=\"elementor-spacer\">\n\t\t\t<div class=\"elementor-spacer-inner\"><\/div>\n\t\t<\/div>\n\t\t\t\t\t\t<\/div>\n\t\t\t\t<\/div>\n\t\t\t\t\t<\/div>\n\t\t<\/div>\n\t\t\t\t\t<\/div>\n\t\t<\/section>\n\t\t\t\t<section class=\"elementor-section elementor-top-section elementor-element elementor-element-7c01eb4 elementor-section-boxed elementor-section-height-default elementor-section-height-default\" data-id=\"7c01eb4\" data-element_type=\"section\" data-e-type=\"section\">\n\t\t\t\t\t\t<div class=\"elementor-container elementor-column-gap-default\">\n\t\t\t\t\t<div class=\"elementor-column elementor-col-50 elementor-top-column elementor-element elementor-element-8051148\" data-id=\"8051148\" data-element_type=\"column\" data-e-type=\"column\">\n\t\t\t<div class=\"elementor-widget-wrap elementor-element-populated\">\n\t\t\t\t\t\t<div class=\"elementor-element elementor-element-c705995 elementor-widget elementor-widget-image\" data-id=\"c705995\" data-element_type=\"widget\" data-e-type=\"widget\" data-widget_type=\"image.default\">\n\t\t\t\t<div class=\"elementor-widget-container\">\n\t\t\t\t\t\t\t\t\t\t\t\t\t\t\t<img decoding=\"async\" width=\"800\" height=\"600\" src=\"https:\/\/www.moroccolifetours.com\/wp-content\/uploads\/2022\/02\/CAMEL-TREKKING.jpg\" class=\"attachment-large size-large wp-image-3820\" alt=\"camel trekking in Merzouga\" srcset=\"https:\/\/www.moroccolifetours.com\/wp-content\/uploads\/2022\/02\/CAMEL-TREKKING.jpg 800w, https:\/\/www.moroccolifetours.com\/wp-content\/uploads\/2022\/02\/CAMEL-TREKKING-300x225.jpg 300w, https:\/\/www.moroccolifetours.com\/wp-content\/uploads\/2022\/02\/CAMEL-TREKKING-768x576.jpg 768w\" sizes=\"(max-width: 800px) 100vw, 800px\" \/>\t\t\t\t\t\t\t\t\t\t\t\t\t\t\t<\/div>\n\t\t\t\t<\/div>\n\t\t\t\t\t<\/div>\n\t\t<\/div>\n\t\t\t\t<div class=\"elementor-column elementor-col-50 elementor-top-column elementor-element elementor-element-f3b710f\" data-id=\"f3b710f\" data-element_type=\"column\" data-e-type=\"column\">\n\t\t\t<div class=\"elementor-widget-wrap elementor-element-populated\">\n\t\t\t\t\t\t<div class=\"elementor-element elementor-element-d255145 elementor-widget elementor-widget-heading\" data-id=\"d255145\" data-element_type=\"widget\" data-e-type=\"widget\" data-widget_type=\"heading.default\">\n\t\t\t\t<div class=\"elementor-widget-container\">\n\t\t\t\t\t<h5 class=\"elementor-heading-title elementor-size-default\">GIORNO 2<\/h5>\t\t\t\t<\/div>\n\t\t\t\t<\/div>\n\t\t\t\t<div class=\"elementor-element elementor-element-ec45d79 elementor-widget elementor-widget-text-editor\" data-id=\"ec45d79\" data-element_type=\"widget\" data-e-type=\"widget\" data-widget_type=\"text-editor.default\">\n\t\t\t\t<div class=\"elementor-widget-container\">\n\t\t\t\t\t\t\t\t\t<p>Il secondo giorno, dopo la colazione, tornerete in hotel a bordo del vostro cammello per una doccia. Dopo di che, potrete fare un&#8217;altra escursione al lago vicino a Merzouga, uno dei luoghi pi\u00f9 belli della regione, soprattutto in primavera. Intorno al lago si aggirano di solito i fenicotteri, che sono un ottimo motivo per scattare foto.<\/p>\n<p>Per pranzo, prova la Medfouna, nota anche come pizza del deserto (scusa l&#8217;italiano).<\/p>\n<p>Dopo di che, \u00e8 interessante esplorare alcune oasi vicine. Puoi pernottare in un campo nel deserto se non sei ancora stanco del cielo notturno e della musica dei tamburi.<\/p>\n\t\t\t\t\t\t\t\t<\/div>\n\t\t\t\t<\/div>\n\t\t\t\t\t<\/div>\n\t\t<\/div>\n\t\t\t\t\t<\/div>\n\t\t<\/section>\n\t\t\t\t<section class=\"elementor-section elementor-top-section elementor-element elementor-element-49c9811 elementor-section-boxed elementor-section-height-default elementor-section-height-default\" data-id=\"49c9811\" data-element_type=\"section\" data-e-type=\"section\">\n\t\t\t\t\t\t<div class=\"elementor-container elementor-column-gap-default\">\n\t\t\t\t\t<div class=\"elementor-column elementor-col-100 elementor-top-column elementor-element elementor-element-8cc1da0\" data-id=\"8cc1da0\" data-element_type=\"column\" data-e-type=\"column\">\n\t\t\t<div class=\"elementor-widget-wrap elementor-element-populated\">\n\t\t\t\t\t\t<div class=\"elementor-element elementor-element-095f479 elementor-widget elementor-widget-spacer\" data-id=\"095f479\" data-element_type=\"widget\" data-e-type=\"widget\" data-widget_type=\"spacer.default\">\n\t\t\t\t<div class=\"elementor-widget-container\">\n\t\t\t\t\t\t\t<div class=\"elementor-spacer\">\n\t\t\t<div class=\"elementor-spacer-inner\"><\/div>\n\t\t<\/div>\n\t\t\t\t\t\t<\/div>\n\t\t\t\t<\/div>\n\t\t\t\t\t<\/div>\n\t\t<\/div>\n\t\t\t\t\t<\/div>\n\t\t<\/section>\n\t\t\t\t<section class=\"elementor-section elementor-top-section elementor-element elementor-element-05483ec elementor-section-boxed elementor-section-height-default elementor-section-height-default\" data-id=\"05483ec\" data-element_type=\"section\" data-e-type=\"section\">\n\t\t\t\t\t\t<div class=\"elementor-container elementor-column-gap-default\">\n\t\t\t\t\t<div class=\"elementor-column elementor-col-50 elementor-top-column elementor-element elementor-element-f0b1273\" data-id=\"f0b1273\" data-element_type=\"column\" data-e-type=\"column\">\n\t\t\t<div class=\"elementor-widget-wrap elementor-element-populated\">\n\t\t\t\t\t\t<div class=\"elementor-element elementor-element-2b4e2db elementor-widget elementor-widget-image\" data-id=\"2b4e2db\" data-element_type=\"widget\" data-e-type=\"widget\" data-widget_type=\"image.default\">\n\t\t\t\t<div class=\"elementor-widget-container\">\n\t\t\t\t\t\t\t\t\t\t\t\t\t\t\t<img decoding=\"async\" width=\"800\" height=\"533\" src=\"https:\/\/www.moroccolifetours.com\/wp-content\/uploads\/2022\/05\/morocco-desert-tour-sunrise-moroccolifetours-2022-8229.jpg\" class=\"attachment-large size-large wp-image-3197\" alt=\"\" srcset=\"https:\/\/www.moroccolifetours.com\/wp-content\/uploads\/2022\/05\/morocco-desert-tour-sunrise-moroccolifetours-2022-8229.jpg 900w, https:\/\/www.moroccolifetours.com\/wp-content\/uploads\/2022\/05\/morocco-desert-tour-sunrise-moroccolifetours-2022-8229-300x200.jpg 300w, https:\/\/www.moroccolifetours.com\/wp-content\/uploads\/2022\/05\/morocco-desert-tour-sunrise-moroccolifetours-2022-8229-768x512.jpg 768w\" sizes=\"(max-width: 800px) 100vw, 800px\" \/>\t\t\t\t\t\t\t\t\t\t\t\t\t\t\t<\/div>\n\t\t\t\t<\/div>\n\t\t\t\t\t<\/div>\n\t\t<\/div>\n\t\t\t\t<div class=\"elementor-column elementor-col-50 elementor-top-column elementor-element elementor-element-c785263\" data-id=\"c785263\" data-element_type=\"column\" data-e-type=\"column\">\n\t\t\t<div class=\"elementor-widget-wrap elementor-element-populated\">\n\t\t\t\t\t\t<div class=\"elementor-element elementor-element-b8d122a elementor-widget elementor-widget-heading\" data-id=\"b8d122a\" data-element_type=\"widget\" data-e-type=\"widget\" data-widget_type=\"heading.default\">\n\t\t\t\t<div class=\"elementor-widget-container\">\n\t\t\t\t\t<h5 class=\"elementor-heading-title elementor-size-default\">GIORNO 3<\/h5>\t\t\t\t<\/div>\n\t\t\t\t<\/div>\n\t\t\t\t<div class=\"elementor-element elementor-element-5eb3044 elementor-widget elementor-widget-text-editor\" data-id=\"5eb3044\" data-element_type=\"widget\" data-e-type=\"widget\" data-widget_type=\"text-editor.default\">\n\t\t\t\t<div class=\"elementor-widget-container\">\n\t\t\t\t\t\t\t\t\t<p>Se il terzo giorno ti interessa ancora la cultura del Sahara, prova a seppellire le sabbie, un&#8217;attivit\u00e0 molto popolare tra i marocchini. Si ritiene che seppellire sotto le sabbie calde di Merzouga allevia molti problemi di salute come reumatismi e dolori articolari. Inoltre rilassa i muscoli e aiuta il sistema immunitario a rigenerare l&#8217;organismo riducendo le infiammazioni.<\/p>\n<p>Dopodich\u00e9 potrai cavalcare i cammelli quanto vuoi (un&#8217;esperienza che ti far\u00e0 impazzire) e divertirti nel deserto.<\/p>\n<p>Ricordate che il programma \u00e8 solo quello che volete fare, questi sono solo suggerimenti.<\/p>\n\t\t\t\t\t\t\t\t<\/div>\n\t\t\t\t<\/div>\n\t\t\t\t\t<\/div>\n\t\t<\/div>\n\t\t\t\t\t<\/div>\n\t\t<\/section>\n\t\t\t\t<section class=\"elementor-section elementor-top-section elementor-element elementor-element-f7cc3b5 elementor-section-boxed elementor-section-height-default elementor-section-height-default\" data-id=\"f7cc3b5\" data-element_type=\"section\" data-e-type=\"section\">\n\t\t\t\t\t\t<div class=\"elementor-container elementor-column-gap-default\">\n\t\t\t\t\t<div class=\"elementor-column elementor-col-100 elementor-top-column elementor-element elementor-element-980cd1d\" data-id=\"980cd1d\" data-element_type=\"column\" data-e-type=\"column\">\n\t\t\t<div class=\"elementor-widget-wrap elementor-element-populated\">\n\t\t\t\t\t\t<div class=\"elementor-element elementor-element-017540d elementor-widget elementor-widget-spacer\" data-id=\"017540d\" data-element_type=\"widget\" data-e-type=\"widget\" data-widget_type=\"spacer.default\">\n\t\t\t\t<div class=\"elementor-widget-container\">\n\t\t\t\t\t\t\t<div class=\"elementor-spacer\">\n\t\t\t<div class=\"elementor-spacer-inner\"><\/div>\n\t\t<\/div>\n\t\t\t\t\t\t<\/div>\n\t\t\t\t<\/div>\n\t\t\t\t\t<\/div>\n\t\t<\/div>\n\t\t\t\t\t<\/div>\n\t\t<\/section>\n\t\t\t\t<\/div>\n\t\t","protected":false},"excerpt":{"rendered":"<p>Tour in cammello di 3 giorni nel deserto del Sahara Merzouga GIORNO 1 Il primo giorno, il trekking in cammello inizia prima del tramonto e viaggerete con un team in una carovana dall&#8217;hotel nella citt\u00e0 di Merzouga. La carovana deve portare con s\u00e9 cibo, coperte e tutto il necessario per il viaggio. Avrai l&#8217;opportunit\u00e0 di [&hellip;]<\/p>\n","protected":false},"author":1,"featured_media":3132,"parent":0,"menu_order":0,"comment_status":"closed","ping_status":"closed","template":"","meta":{"_monsterinsights_skip_tracking":false,"_monsterinsights_sitenote_active":false,"_monsterinsights_sitenote_note":"","_monsterinsights_sitenote_category":0,"_joinchat":[],"footnotes":""},"class_list":["post-3137","page","type-page","status-publish","has-post-thumbnail","hentry"],"_links":{"self":[{"href":"https:\/\/www.moroccolifetours.com\/it\/wp-json\/wp\/v2\/pages\/3137","targetHints":{"allow":["GET"]}}],"collection":[{"href":"https:\/\/www.moroccolifetours.com\/it\/wp-json\/wp\/v2\/pages"}],"about":[{"href":"https:\/\/www.moroccolifetours.com\/it\/wp-json\/wp\/v2\/types\/page"}],"author":[{"embeddable":true,"href":"https:\/\/www.moroccolifetours.com\/it\/wp-json\/wp\/v2\/users\/1"}],"replies":[{"embeddable":true,"href":"https:\/\/www.moroccolifetours.com\/it\/wp-json\/wp\/v2\/comments?post=3137"}],"version-history":[{"count":0,"href":"https:\/\/www.moroccolifetours.com\/it\/wp-json\/wp\/v2\/pages\/3137\/revisions"}],"wp:featuredmedia":[{"embeddable":true,"href":"https:\/\/www.moroccolifetours.com\/it\/wp-json\/wp\/v2\/media\/3132"}],"wp:attachment":[{"href":"https:\/\/www.moroccolifetours.com\/it\/wp-json\/wp\/v2\/media?parent=3137"}],"curies":[{"name":"wp","href":"https:\/\/api.w.org\/{rel}","templated":true}]}}