{"id":3131,"date":"2022-01-26T20:48:53","date_gmt":"2022-01-26T19:48:53","guid":{"rendered":"https:\/\/www.moroccolifetours.com\/tour-in-cammello-di-2-giorni-nel-deserto-di-merzouga\/"},"modified":"2024-11-14T09:44:31","modified_gmt":"2024-11-14T08:44:31","slug":"tour-in-cammello-di-2-giorni-nel-deserto-di-merzouga","status":"publish","type":"page","link":"https:\/\/www.moroccolifetours.com\/it\/tour-in-cammello-di-2-giorni-nel-deserto-di-merzouga\/","title":{"rendered":"Tour in cammello di 2 giorni nel deserto di Merzouga"},"content":{"rendered":"\t\t<div data-elementor-type=\"wp-page\" data-elementor-id=\"3131\" class=\"elementor elementor-3131 elementor-1942\" data-elementor-post-type=\"page\">\n\t\t\t\t\t\t<section class=\"elementor-section elementor-top-section elementor-element elementor-element-2bbc659 elementor-section-boxed elementor-section-height-default elementor-section-height-default\" data-id=\"2bbc659\" data-element_type=\"section\" data-e-type=\"section\">\n\t\t\t\t\t\t<div class=\"elementor-container elementor-column-gap-default\">\n\t\t\t\t\t<div class=\"elementor-column elementor-col-100 elementor-top-column elementor-element elementor-element-29dd1a8\" data-id=\"29dd1a8\" data-element_type=\"column\" data-e-type=\"column\">\n\t\t\t<div class=\"elementor-widget-wrap elementor-element-populated\">\n\t\t\t\t\t\t<div class=\"elementor-element elementor-element-fd9acea elementor-widget elementor-widget-heading\" data-id=\"fd9acea\" data-element_type=\"widget\" data-e-type=\"widget\" data-widget_type=\"heading.default\">\n\t\t\t\t<div class=\"elementor-widget-container\">\n\t\t\t\t\t<h1 class=\"elementor-heading-title elementor-size-default\">Tour di trekking di 2 giorni nel deserto di Merzouga<\/h1>\t\t\t\t<\/div>\n\t\t\t\t<\/div>\n\t\t\t\t\t<\/div>\n\t\t<\/div>\n\t\t\t\t\t<\/div>\n\t\t<\/section>\n\t\t\t\t<section class=\"elementor-section elementor-top-section elementor-element elementor-element-6590e63 elementor-section-boxed elementor-section-height-default elementor-section-height-default\" data-id=\"6590e63\" data-element_type=\"section\" data-e-type=\"section\">\n\t\t\t\t\t\t<div class=\"elementor-container elementor-column-gap-default\">\n\t\t\t\t\t<div class=\"elementor-column elementor-col-100 elementor-top-column elementor-element elementor-element-61fa8ff\" data-id=\"61fa8ff\" data-element_type=\"column\" data-e-type=\"column\">\n\t\t\t<div class=\"elementor-widget-wrap elementor-element-populated\">\n\t\t\t\t\t\t<div class=\"elementor-element elementor-element-1390a94 elementor-widget elementor-widget-image\" data-id=\"1390a94\" data-element_type=\"widget\" data-e-type=\"widget\" data-widget_type=\"image.default\">\n\t\t\t\t<div class=\"elementor-widget-container\">\n\t\t\t\t\t\t\t\t\t\t\t\t\t\t\t<img decoding=\"async\" src=\"https:\/\/www.moroccolifetours.com\/wp-content\/uploads\/2022\/02\/erg-chebbi-bg.jpg\" title=\"erg-chebbi\" alt=\"erg chebbi dunes\" loading=\"lazy\" \/>\t\t\t\t\t\t\t\t\t\t\t\t\t\t\t<\/div>\n\t\t\t\t<\/div>\n\t\t\t\t\t<\/div>\n\t\t<\/div>\n\t\t\t\t\t<\/div>\n\t\t<\/section>\n\t\t\t\t<section class=\"elementor-section elementor-top-section elementor-element elementor-element-c4cfa90 elementor-section-boxed elementor-section-height-default elementor-section-height-default\" data-id=\"c4cfa90\" data-element_type=\"section\" data-e-type=\"section\">\n\t\t\t\t\t\t<div class=\"elementor-container elementor-column-gap-default\">\n\t\t\t\t\t<div class=\"elementor-column elementor-col-100 elementor-top-column elementor-element elementor-element-033d9dd\" data-id=\"033d9dd\" data-element_type=\"column\" data-e-type=\"column\">\n\t\t\t<div class=\"elementor-widget-wrap elementor-element-populated\">\n\t\t\t\t\t\t<div class=\"elementor-element elementor-element-a6cf74c elementor-widget elementor-widget-spacer\" data-id=\"a6cf74c\" data-element_type=\"widget\" data-e-type=\"widget\" data-widget_type=\"spacer.default\">\n\t\t\t\t<div class=\"elementor-widget-container\">\n\t\t\t\t\t\t\t<div class=\"elementor-spacer\">\n\t\t\t<div class=\"elementor-spacer-inner\"><\/div>\n\t\t<\/div>\n\t\t\t\t\t\t<\/div>\n\t\t\t\t<\/div>\n\t\t\t\t\t<\/div>\n\t\t<\/div>\n\t\t\t\t\t<\/div>\n\t\t<\/section>\n\t\t\t\t<section class=\"elementor-section elementor-top-section elementor-element elementor-element-adf0fd2 elementor-section-boxed elementor-section-height-default elementor-section-height-default\" data-id=\"adf0fd2\" data-element_type=\"section\" data-e-type=\"section\">\n\t\t\t\t\t\t<div class=\"elementor-container elementor-column-gap-default\">\n\t\t\t\t\t<div class=\"elementor-column elementor-col-50 elementor-top-column elementor-element elementor-element-0903e07\" data-id=\"0903e07\" data-element_type=\"column\" data-e-type=\"column\">\n\t\t\t<div class=\"elementor-widget-wrap elementor-element-populated\">\n\t\t\t\t\t\t<div class=\"elementor-element elementor-element-6941150 elementor-widget elementor-widget-image\" data-id=\"6941150\" data-element_type=\"widget\" data-e-type=\"widget\" data-widget_type=\"image.default\">\n\t\t\t\t<div class=\"elementor-widget-container\">\n\t\t\t\t\t\t\t\t\t\t\t\t\t\t\t<img fetchpriority=\"high\" decoding=\"async\" width=\"800\" height=\"700\" src=\"https:\/\/www.moroccolifetours.com\/wp-content\/uploads\/2022\/03\/marzouuga2-1.jpg\" class=\"attachment-large size-large wp-image-3147\" alt=\"\" srcset=\"https:\/\/www.moroccolifetours.com\/wp-content\/uploads\/2022\/03\/marzouuga2-1.jpg 800w, https:\/\/www.moroccolifetours.com\/wp-content\/uploads\/2022\/03\/marzouuga2-1-300x263.jpg 300w, https:\/\/www.moroccolifetours.com\/wp-content\/uploads\/2022\/03\/marzouuga2-1-768x672.jpg 768w\" sizes=\"(max-width: 800px) 100vw, 800px\" \/>\t\t\t\t\t\t\t\t\t\t\t\t\t\t\t<\/div>\n\t\t\t\t<\/div>\n\t\t\t\t\t<\/div>\n\t\t<\/div>\n\t\t\t\t<div class=\"elementor-column elementor-col-50 elementor-top-column elementor-element elementor-element-2f78c01\" data-id=\"2f78c01\" data-element_type=\"column\" data-e-type=\"column\">\n\t\t\t<div class=\"elementor-widget-wrap elementor-element-populated\">\n\t\t\t\t\t\t<div class=\"elementor-element elementor-element-24d4c44 elementor-widget elementor-widget-heading\" data-id=\"24d4c44\" data-element_type=\"widget\" data-e-type=\"widget\" data-widget_type=\"heading.default\">\n\t\t\t\t<div class=\"elementor-widget-container\">\n\t\t\t\t\t<h5 class=\"elementor-heading-title elementor-size-default\">Giorno 1<\/h5>\t\t\t\t<\/div>\n\t\t\t\t<\/div>\n\t\t\t\t<div class=\"elementor-element elementor-element-9d930f2 elementor-widget elementor-widget-text-editor\" data-id=\"9d930f2\" data-element_type=\"widget\" data-e-type=\"widget\" data-widget_type=\"text-editor.default\">\n\t\t\t\t<div class=\"elementor-widget-container\">\n\t\t\t\t\t\t\t\t\t<p>Il primo giorno, il trekking in cammello inizia prima del tramonto e viaggerete con un team in una carovana dall&#8217;hotel nella citt\u00e0 di Merzouga. La carovana deve portare con s\u00e9 cibo, coperte e tutto il necessario per il viaggio. Avrai l&#8217;opportunit\u00e0 di vedere il tramonto nel Sahara, uno dei pi\u00f9 belli che si possano ammirare. Si consiglia vivamente di scattare foto in questo momento per documentarlo.<\/p>\n<p>Una volta arrivati al campo, potrete rilassarvi con un t\u00e8 alla menta marocchino e godervi il bel tempo mentre si raffredda.<\/p>\n<p>I campi offrono sempre intrattenimento sotto forma di una band tradizionale che suona suoni ipnotici di tamburo.<\/p>\n<p>Il cielo sar\u00e0 affascinante, il deserto \u00e8 uno dei posti migliori del mondo per vedere il chiaro cielo notturno. Provate a nominare alcune delle costellazioni di base, se ne conoscete &#8211; questo \u00e8 il pi\u00f9 divertente.<\/p>\n<p>Dopo aver gustato tutto, puoi andare a dormire ma devi alzarti presto per non perdere l&#8217;alba.<\/p>\n\t\t\t\t\t\t\t\t<\/div>\n\t\t\t\t<\/div>\n\t\t\t\t\t<\/div>\n\t\t<\/div>\n\t\t\t\t\t<\/div>\n\t\t<\/section>\n\t\t\t\t<section class=\"elementor-section elementor-top-section elementor-element elementor-element-c2019f5 elementor-section-boxed elementor-section-height-default elementor-section-height-default\" data-id=\"c2019f5\" data-element_type=\"section\" data-e-type=\"section\">\n\t\t\t\t\t\t<div class=\"elementor-container elementor-column-gap-default\">\n\t\t\t\t\t<div class=\"elementor-column elementor-col-100 elementor-top-column elementor-element elementor-element-54b0aa9\" data-id=\"54b0aa9\" data-element_type=\"column\" data-e-type=\"column\">\n\t\t\t<div class=\"elementor-widget-wrap elementor-element-populated\">\n\t\t\t\t\t\t<div class=\"elementor-element elementor-element-b4b6564 elementor-widget elementor-widget-spacer\" data-id=\"b4b6564\" data-element_type=\"widget\" data-e-type=\"widget\" data-widget_type=\"spacer.default\">\n\t\t\t\t<div class=\"elementor-widget-container\">\n\t\t\t\t\t\t\t<div class=\"elementor-spacer\">\n\t\t\t<div class=\"elementor-spacer-inner\"><\/div>\n\t\t<\/div>\n\t\t\t\t\t\t<\/div>\n\t\t\t\t<\/div>\n\t\t\t\t\t<\/div>\n\t\t<\/div>\n\t\t\t\t\t<\/div>\n\t\t<\/section>\n\t\t\t\t<section class=\"elementor-section elementor-top-section elementor-element elementor-element-5186eb3 elementor-section-boxed elementor-section-height-default elementor-section-height-default\" data-id=\"5186eb3\" data-element_type=\"section\" data-e-type=\"section\">\n\t\t\t\t\t\t<div class=\"elementor-container elementor-column-gap-default\">\n\t\t\t\t\t<div class=\"elementor-column elementor-col-50 elementor-top-column elementor-element elementor-element-4f50aac\" data-id=\"4f50aac\" data-element_type=\"column\" data-e-type=\"column\">\n\t\t\t<div class=\"elementor-widget-wrap elementor-element-populated\">\n\t\t\t\t\t\t<div class=\"elementor-element elementor-element-a461365 elementor-widget elementor-widget-image\" data-id=\"a461365\" data-element_type=\"widget\" data-e-type=\"widget\" data-widget_type=\"image.default\">\n\t\t\t\t<div class=\"elementor-widget-container\">\n\t\t\t\t\t\t\t\t\t\t\t\t\t\t\t<img decoding=\"async\" width=\"800\" height=\"600\" src=\"https:\/\/www.moroccolifetours.com\/wp-content\/uploads\/2022\/03\/SAHARA-DESERT.jpg\" class=\"attachment-large size-large wp-image-3135\" alt=\"camel trekking tour and Sunrise at the sahara desert\" srcset=\"https:\/\/www.moroccolifetours.com\/wp-content\/uploads\/2022\/03\/SAHARA-DESERT.jpg 800w, https:\/\/www.moroccolifetours.com\/wp-content\/uploads\/2022\/03\/SAHARA-DESERT-300x225.jpg 300w, https:\/\/www.moroccolifetours.com\/wp-content\/uploads\/2022\/03\/SAHARA-DESERT-768x576.jpg 768w\" sizes=\"(max-width: 800px) 100vw, 800px\" \/>\t\t\t\t\t\t\t\t\t\t\t\t\t\t\t<\/div>\n\t\t\t\t<\/div>\n\t\t\t\t\t<\/div>\n\t\t<\/div>\n\t\t\t\t<div class=\"elementor-column elementor-col-50 elementor-top-column elementor-element elementor-element-36a24ec\" data-id=\"36a24ec\" data-element_type=\"column\" data-e-type=\"column\">\n\t\t\t<div class=\"elementor-widget-wrap elementor-element-populated\">\n\t\t\t\t\t\t<div class=\"elementor-element elementor-element-ce7eefc elementor-widget elementor-widget-heading\" data-id=\"ce7eefc\" data-element_type=\"widget\" data-e-type=\"widget\" data-widget_type=\"heading.default\">\n\t\t\t\t<div class=\"elementor-widget-container\">\n\t\t\t\t\t<h5 class=\"elementor-heading-title elementor-size-default\">Giorno 2<\/h5>\t\t\t\t<\/div>\n\t\t\t\t<\/div>\n\t\t\t\t<div class=\"elementor-element elementor-element-a64a2eb elementor-widget elementor-widget-text-editor\" data-id=\"a64a2eb\" data-element_type=\"widget\" data-e-type=\"widget\" data-widget_type=\"text-editor.default\">\n\t\t\t\t<div class=\"elementor-widget-container\">\n\t\t\t\t\t\t\t\t\t<p>Il secondo giorno, dopo la colazione, tornerete in hotel a bordo del vostro cammello per una doccia. Dopo di che, potrete fare un&#8217;altra escursione al lago vicino a Merzouga, uno dei luoghi pi\u00f9 belli della regione, soprattutto in primavera. Intorno al lago si aggirano di solito i fenicotteri, che sono un ottimo motivo per scattare foto.<\/p>\n<p>Per pranzo dovresti provare la medfouna, anche conosciuta come pizza al deserto (sorry Italian).<\/p>\n<p>Dopo di che, \u00e8 interessante esplorare alcune oasi vicine. Se non sei ancora stanco del cielo notturno e della musica dei tamburi, puoi trascorrere la notte in un campo nel deserto.<\/p>\n\t\t\t\t\t\t\t\t<\/div>\n\t\t\t\t<\/div>\n\t\t\t\t\t<\/div>\n\t\t<\/div>\n\t\t\t\t\t<\/div>\n\t\t<\/section>\n\t\t\t\t<section class=\"elementor-section elementor-top-section elementor-element elementor-element-b708466 elementor-section-boxed elementor-section-height-default elementor-section-height-default\" data-id=\"b708466\" data-element_type=\"section\" data-e-type=\"section\">\n\t\t\t\t\t\t<div class=\"elementor-container elementor-column-gap-default\">\n\t\t\t\t\t<div class=\"elementor-column elementor-col-100 elementor-top-column elementor-element elementor-element-1f5bb7f\" data-id=\"1f5bb7f\" data-element_type=\"column\" data-e-type=\"column\">\n\t\t\t<div class=\"elementor-widget-wrap elementor-element-populated\">\n\t\t\t\t\t\t<div class=\"elementor-element elementor-element-a135ee1 elementor-widget elementor-widget-spacer\" data-id=\"a135ee1\" data-element_type=\"widget\" data-e-type=\"widget\" data-widget_type=\"spacer.default\">\n\t\t\t\t<div class=\"elementor-widget-container\">\n\t\t\t\t\t\t\t<div class=\"elementor-spacer\">\n\t\t\t<div class=\"elementor-spacer-inner\"><\/div>\n\t\t<\/div>\n\t\t\t\t\t\t<\/div>\n\t\t\t\t<\/div>\n\t\t\t\t\t<\/div>\n\t\t<\/div>\n\t\t\t\t\t<\/div>\n\t\t<\/section>\n\t\t\t\t<\/div>\n\t\t","protected":false},"excerpt":{"rendered":"<p>Tour di trekking di 2 giorni nel deserto di Merzouga Giorno 1 Il primo giorno, il trekking in cammello inizia prima del tramonto e viaggerete con un team in una carovana dall&#8217;hotel nella citt\u00e0 di Merzouga. La carovana deve portare con s\u00e9 cibo, coperte e tutto il necessario per il viaggio. Avrai l&#8217;opportunit\u00e0 di vedere [&hellip;]<\/p>\n","protected":false},"author":1,"featured_media":3132,"parent":0,"menu_order":0,"comment_status":"closed","ping_status":"closed","template":"","meta":{"_monsterinsights_skip_tracking":false,"_monsterinsights_sitenote_active":false,"_monsterinsights_sitenote_note":"","_monsterinsights_sitenote_category":0,"_joinchat":[],"footnotes":""},"class_list":["post-3131","page","type-page","status-publish","has-post-thumbnail","hentry"],"_links":{"self":[{"href":"https:\/\/www.moroccolifetours.com\/it\/wp-json\/wp\/v2\/pages\/3131","targetHints":{"allow":["GET"]}}],"collection":[{"href":"https:\/\/www.moroccolifetours.com\/it\/wp-json\/wp\/v2\/pages"}],"about":[{"href":"https:\/\/www.moroccolifetours.com\/it\/wp-json\/wp\/v2\/types\/page"}],"author":[{"embeddable":true,"href":"https:\/\/www.moroccolifetours.com\/it\/wp-json\/wp\/v2\/users\/1"}],"replies":[{"embeddable":true,"href":"https:\/\/www.moroccolifetours.com\/it\/wp-json\/wp\/v2\/comments?post=3131"}],"version-history":[{"count":0,"href":"https:\/\/www.moroccolifetours.com\/it\/wp-json\/wp\/v2\/pages\/3131\/revisions"}],"wp:featuredmedia":[{"embeddable":true,"href":"https:\/\/www.moroccolifetours.com\/it\/wp-json\/wp\/v2\/media\/3132"}],"wp:attachment":[{"href":"https:\/\/www.moroccolifetours.com\/it\/wp-json\/wp\/v2\/media?parent=3131"}],"curies":[{"name":"wp","href":"https:\/\/api.w.org\/{rel}","templated":true}]}}